{"id":3,"date":"2021-04-13T21:24:16","date_gmt":"2021-04-13T19:24:16","guid":{"rendered":"http:\/\/s-dagueneau-filles.fr\/?page_id=3"},"modified":"2021-06-19T22:50:54","modified_gmt":"2021-06-19T20:50:54","slug":"mentions-legales","status":"publish","type":"page","link":"http:\/\/s-dagueneau-filles.fr\/fr\/mentions-legales\/","title":{"rendered":"Mentions l\u00e9gales"},"content":{"rendered":"\n<p>Nom de l&rsquo;entreprise : <strong>Domaine Serge Dagueneau &amp; Filles<\/strong><\/p>\n\n\n\n<p>Si\u00e8ge social : <strong>Les Berthiers &#8211; 22, rue du Mont Beauvois &#8211; 58150 Saint-Andelain<\/strong><\/p>\n\n\n\n<p>T\u00e9l. : <strong>+ 33 (0)3 86 39 11 18<\/strong><\/p>\n\n\n\n<p>Fax : <strong>+ 33 (0)3 86 39 05 32<\/strong><\/p>\n\n\n\n<p>E-mail : <strong>sergedagueneaufilles@wanadoo.fr<\/strong><\/p>\n\n\n\n<p>Directeur de la publication : <strong>Val\u00e9rie Dagueneau<\/strong><\/p>\n\n\n\n<p>RCS : <strong>399147065<\/strong><\/p>\n\n\n\n<p>SIRET : <strong>399 147 065 00011<\/strong><\/p>\n\n\n\n<p>Capital : <strong>SCEA au capital de 515 537,00 \u20ac<\/strong><\/p>\n\n\n\n<p>TVA Intracommunautaire : <strong>FR69399147065<\/strong><\/p>\n\n\n\n<p>APE : <strong>0121Z<\/strong><\/p>\n\n\n\n<p>Accise : <strong>FR095518E0089<\/strong><\/p>\n\n\n\n<h3 class=\"wp-block-heading\">Conception graphique :<\/h3>\n\n\n\n<p><strong>Renaud Scapin graphisme et communication<\/strong><br>85, rue Camille Barr\u00e8re &#8211; 58400 La Charit\u00e9-sur-Loire<br>T\u00e9l. : + 33 (0)3 86 69 41 41<\/p>\n\n\n\n<h3 class=\"wp-block-heading\">R\u00e9alisation :<\/h3>\n\n\n\n<p><strong>ABM Studio<\/strong><br>25, rue des Cascades &#8211; F-75020 Paris<br>T\u00e9l. : + 33 (0)6 76 86 90 89<br>www.abm-studio.com<\/p>\n\n\n\n<h3 class=\"wp-block-heading\">H\u00e9bergement :<\/h3>\n\n\n\n<p>ONLINE, Soci\u00e9t\u00e9 anonyme par actions simplifi\u00e9e, au capital de 214 410,50 Euros, dont le si\u00e8ge social est situ\u00e9 au 8 rue de la ville l&rsquo;Ev\u00eaque &#8211; 75008 PARIS, immatricul\u00e9e au Registre du Commerce et des Soci\u00e9t\u00e9s de Paris sous le num\u00e9ro RCS PARIS B 433 115 904, num\u00e9ro de TVA FR35433115904<\/p>\n\n\n\n<p><\/p>\n\n\n\n<p>Le site et les informations qu&rsquo;il contient sont prot\u00e9g\u00e9s par la loi fran\u00e7aise sur la propri\u00e9t\u00e9 intellectuelle et par les conventions internationales. Le site et les \u00e9l\u00e9ments de son contenu ne peuvent \u00eatre ni reproduits, ni republi\u00e9s, ni modifi\u00e9s sans l&rsquo;autorisation \u00e9crite pr\u00e9alable des ayants droits.<\/p>\n\n\n\n<hr class=\"wp-block-separator\"\/>\n\n\n\n<h2 class=\"wp-block-heading\" id=\"datapolicy\">Gestion des donn\u00e9es<\/h2>\n\n\n\n<p>L&rsquo;utilisateur dispose d&rsquo;un droit d&rsquo;acc\u00e8s, de modification, de rectification et de suppression des donn\u00e9es qui le concernent. (art. 34 de la loi \u00ab\u00a0Informatique et Libert\u00e9s\u00a0\u00bb du 6 janvier 1978). Pour l&rsquo;exercer, l&rsquo;utilisateur peut s&rsquo;adresser aupr\u00e8s du Directeur de la publication vis\u00e9 plus haut.<br>Dans le cadre de la RGPD, les donn\u00e9es collect\u00e9es via les diff\u00e9rents formulaires de contact sont stock\u00e9es au maximum 3 ans. Si vous souhaitez que nous supprimions ces donn\u00e9es, merci de contacter le Directeur de la Publication mentionn\u00e9 ci-dessus.<\/p>\n\n\n\n<hr class=\"wp-block-separator\"\/>\n\n\n\n<h2 class=\"wp-block-heading\" id=\"cookiepolicy\">Gestion des cookies<\/h2>\n\n\n\n<p>L&rsquo;utilisateur est inform\u00e9 que lors de ses visites sur le site, un cookie peut s&rsquo;installer automatiquement sur son logiciel de navigation. Un cookie est un \u00e9l\u00e9ment qui ne permet pas d&rsquo;identifier l&rsquo;utilisateur mais sert \u00e0 enregistrer des informations relatives \u00e0 la navigation de celui-ci sur le site Internet. L&rsquo;utilisateur pourra d\u00e9sactiver ce cookie par l&rsquo;interm\u00e9diaire des param\u00e8tres figurant au sein de son logiciel de navigation.<\/p>\n","protected":false},"excerpt":{"rendered":"<p>Nom de l&rsquo;entreprise : Domaine Serge Dagueneau &amp; Filles Si\u00e8ge social : Les Berthiers &#8211; 22, rue du Mont Beauvois &#8211; 58150 Saint-Andelain T\u00e9l. : + 33 (0)3 86 39 11 18 Fax : + 33 (0)3 86 39 05 32 E-mail : sergedagueneaufilles@wanadoo.fr Directeur de la publication : Val\u00e9rie Dagueneau RCS : 399147065 SIRET <a href=\"http:\/\/s-dagueneau-filles.fr\/fr\/mentions-legales\/\" class=\"more-link\">&#8230;<\/a><\/p>\n","protected":false},"author":1,"featured_media":0,"parent":0,"menu_order":0,"comment_status":"closed","ping_status":"open","template":"","meta":{"footnotes":""},"class_list":["post-3","page","type-page","status-publish","hentry"],"yoast_head":"<!-- This site is optimized with the Yoast SEO plugin v24.9 - https:\/\/yoast.com\/wordpress\/plugins\/seo\/ -->\n<title>Mentions l\u00e9gales - Domaine Serge Dagueneau &amp; Filles<\/title>\n<meta name=\"robots\" content=\"index, follow, max-snippet:-1, max-image-preview:large, max-video-preview:-1\" \/>\n<link rel=\"canonical\" href=\"http:\/\/s-dagueneau-filles.fr\/fr\/mentions-legales\/\" \/>\n<meta property=\"og:locale\" content=\"fr_FR\" \/>\n<meta property=\"og:type\" content=\"article\" \/>\n<meta property=\"og:title\" content=\"Mentions l\u00e9gales - Domaine Serge Dagueneau &amp; Filles\" \/>\n<meta property=\"og:description\" content=\"Nom de l&rsquo;entreprise : Domaine Serge Dagueneau &amp; Filles Si\u00e8ge social : Les Berthiers &#8211; 22, rue du Mont Beauvois &#8211; 58150 Saint-Andelain T\u00e9l. : + 33 (0)3 86 39 11 18 Fax : + 33 (0)3 86 39 05 32 E-mail : sergedagueneaufilles@wanadoo.fr Directeur de la publication : Val\u00e9rie Dagueneau RCS : 399147065 SIRET ...\" \/>\n<meta property=\"og:url\" content=\"http:\/\/s-dagueneau-filles.fr\/fr\/mentions-legales\/\" \/>\n<meta property=\"og:site_name\" content=\"Domaine Serge Dagueneau &amp; Filles\" \/>\n<meta property=\"article:publisher\" content=\"https:\/\/facebook.com\/serge.dagueneau\" \/>\n<meta property=\"article:modified_time\" content=\"2021-06-19T20:50:54+00:00\" \/>\n<meta property=\"og:image\" content=\"http:\/\/s-dagueneau-filles.fr\/wp-content\/uploads\/2021\/04\/Accueil_1_principal.jpg\" \/>\n\t<meta property=\"og:image:width\" content=\"2280\" \/>\n\t<meta property=\"og:image:height\" content=\"1096\" \/>\n\t<meta property=\"og:image:type\" content=\"image\/jpeg\" \/>\n<meta name=\"twitter:card\" content=\"summary_large_image\" \/>\n<meta name=\"twitter:label1\" content=\"Dur\u00e9e de lecture estim\u00e9e\" \/>\n\t<meta name=\"twitter:data1\" content=\"2 minutes\" \/>\n<script type=\"application\/ld+json\" class=\"yoast-schema-graph\">{\"@context\":\"https:\/\/schema.org\",\"@graph\":[{\"@type\":\"WebPage\",\"@id\":\"http:\/\/s-dagueneau-filles.fr\/fr\/mentions-legales\/\",\"url\":\"http:\/\/s-dagueneau-filles.fr\/fr\/mentions-legales\/\",\"name\":\"Mentions l\u00e9gales - Domaine Serge Dagueneau &amp; Filles\",\"isPartOf\":{\"@id\":\"http:\/\/s-dagueneau-filles.fr\/fr\/#website\"},\"datePublished\":\"2021-04-13T19:24:16+00:00\",\"dateModified\":\"2021-06-19T20:50:54+00:00\",\"breadcrumb\":{\"@id\":\"http:\/\/s-dagueneau-filles.fr\/fr\/mentions-legales\/#breadcrumb\"},\"inLanguage\":\"fr-FR\",\"potentialAction\":[{\"@type\":\"ReadAction\",\"target\":[\"http:\/\/s-dagueneau-filles.fr\/fr\/mentions-legales\/\"]}]},{\"@type\":\"BreadcrumbList\",\"@id\":\"http:\/\/s-dagueneau-filles.fr\/fr\/mentions-legales\/#breadcrumb\",\"itemListElement\":[{\"@type\":\"ListItem\",\"position\":1,\"name\":\"Home\",\"item\":\"http:\/\/s-dagueneau-filles.fr\/fr\/\"},{\"@type\":\"ListItem\",\"position\":2,\"name\":\"Mentions l\u00e9gales\"}]},{\"@type\":\"WebSite\",\"@id\":\"http:\/\/s-dagueneau-filles.fr\/fr\/#website\",\"url\":\"http:\/\/s-dagueneau-filles.fr\/fr\/\",\"name\":\"Domaine Serge Dagueneau &amp; Filles\",\"description\":\"Pouilly Fum\u00e9\",\"publisher\":{\"@id\":\"http:\/\/s-dagueneau-filles.fr\/fr\/#organization\"},\"potentialAction\":[{\"@type\":\"SearchAction\",\"target\":{\"@type\":\"EntryPoint\",\"urlTemplate\":\"http:\/\/s-dagueneau-filles.fr\/fr\/?s={search_term_string}\"},\"query-input\":{\"@type\":\"PropertyValueSpecification\",\"valueRequired\":true,\"valueName\":\"search_term_string\"}}],\"inLanguage\":\"fr-FR\"},{\"@type\":\"Organization\",\"@id\":\"http:\/\/s-dagueneau-filles.fr\/fr\/#organization\",\"name\":\"Domaine Serge Dagueneau & Filles\",\"url\":\"http:\/\/s-dagueneau-filles.fr\/fr\/\",\"logo\":{\"@type\":\"ImageObject\",\"inLanguage\":\"fr-FR\",\"@id\":\"http:\/\/s-dagueneau-filles.fr\/fr\/#\/schema\/logo\/image\/\",\"url\":\"http:\/\/s-dagueneau-filles.fr\/wp-content\/uploads\/2021\/04\/Logo_Serge_Dagueneau.png\",\"contentUrl\":\"http:\/\/s-dagueneau-filles.fr\/wp-content\/uploads\/2021\/04\/Logo_Serge_Dagueneau.png\",\"width\":801,\"height\":315,\"caption\":\"Domaine Serge Dagueneau & Filles\"},\"image\":{\"@id\":\"http:\/\/s-dagueneau-filles.fr\/fr\/#\/schema\/logo\/image\/\"},\"sameAs\":[\"https:\/\/facebook.com\/serge.dagueneau\",\"https:\/\/www.instagram.com\/dagueneau_et_filles\"]}]}<\/script>\n<!-- \/ Yoast SEO plugin. -->","yoast_head_json":{"title":"Mentions l\u00e9gales - Domaine Serge Dagueneau &amp; Filles","robots":{"index":"index","follow":"follow","max-snippet":"max-snippet:-1","max-image-preview":"max-image-preview:large","max-video-preview":"max-video-preview:-1"},"canonical":"http:\/\/s-dagueneau-filles.fr\/fr\/mentions-legales\/","og_locale":"fr_FR","og_type":"article","og_title":"Mentions l\u00e9gales - Domaine Serge Dagueneau &amp; Filles","og_description":"Nom de l&rsquo;entreprise : Domaine Serge Dagueneau &amp; Filles Si\u00e8ge social : Les Berthiers &#8211; 22, rue du Mont Beauvois &#8211; 58150 Saint-Andelain T\u00e9l. : + 33 (0)3 86 39 11 18 Fax : + 33 (0)3 86 39 05 32 E-mail : sergedagueneaufilles@wanadoo.fr Directeur de la publication : Val\u00e9rie Dagueneau RCS : 399147065 SIRET ...","og_url":"http:\/\/s-dagueneau-filles.fr\/fr\/mentions-legales\/","og_site_name":"Domaine Serge Dagueneau &amp; Filles","article_publisher":"https:\/\/facebook.com\/serge.dagueneau","article_modified_time":"2021-06-19T20:50:54+00:00","og_image":[{"width":2280,"height":1096,"url":"http:\/\/s-dagueneau-filles.fr\/wp-content\/uploads\/2021\/04\/Accueil_1_principal.jpg","type":"image\/jpeg"}],"twitter_card":"summary_large_image","twitter_misc":{"Dur\u00e9e de lecture estim\u00e9e":"2 minutes"},"schema":{"@context":"https:\/\/schema.org","@graph":[{"@type":"WebPage","@id":"http:\/\/s-dagueneau-filles.fr\/fr\/mentions-legales\/","url":"http:\/\/s-dagueneau-filles.fr\/fr\/mentions-legales\/","name":"Mentions l\u00e9gales - Domaine Serge Dagueneau &amp; Filles","isPartOf":{"@id":"http:\/\/s-dagueneau-filles.fr\/fr\/#website"},"datePublished":"2021-04-13T19:24:16+00:00","dateModified":"2021-06-19T20:50:54+00:00","breadcrumb":{"@id":"http:\/\/s-dagueneau-filles.fr\/fr\/mentions-legales\/#breadcrumb"},"inLanguage":"fr-FR","potentialAction":[{"@type":"ReadAction","target":["http:\/\/s-dagueneau-filles.fr\/fr\/mentions-legales\/"]}]},{"@type":"BreadcrumbList","@id":"http:\/\/s-dagueneau-filles.fr\/fr\/mentions-legales\/#breadcrumb","itemListElement":[{"@type":"ListItem","position":1,"name":"Home","item":"http:\/\/s-dagueneau-filles.fr\/fr\/"},{"@type":"ListItem","position":2,"name":"Mentions l\u00e9gales"}]},{"@type":"WebSite","@id":"http:\/\/s-dagueneau-filles.fr\/fr\/#website","url":"http:\/\/s-dagueneau-filles.fr\/fr\/","name":"Domaine Serge Dagueneau &amp; Filles","description":"Pouilly Fum\u00e9","publisher":{"@id":"http:\/\/s-dagueneau-filles.fr\/fr\/#organization"},"potentialAction":[{"@type":"SearchAction","target":{"@type":"EntryPoint","urlTemplate":"http:\/\/s-dagueneau-filles.fr\/fr\/?s={search_term_string}"},"query-input":{"@type":"PropertyValueSpecification","valueRequired":true,"valueName":"search_term_string"}}],"inLanguage":"fr-FR"},{"@type":"Organization","@id":"http:\/\/s-dagueneau-filles.fr\/fr\/#organization","name":"Domaine Serge Dagueneau & Filles","url":"http:\/\/s-dagueneau-filles.fr\/fr\/","logo":{"@type":"ImageObject","inLanguage":"fr-FR","@id":"http:\/\/s-dagueneau-filles.fr\/fr\/#\/schema\/logo\/image\/","url":"http:\/\/s-dagueneau-filles.fr\/wp-content\/uploads\/2021\/04\/Logo_Serge_Dagueneau.png","contentUrl":"http:\/\/s-dagueneau-filles.fr\/wp-content\/uploads\/2021\/04\/Logo_Serge_Dagueneau.png","width":801,"height":315,"caption":"Domaine Serge Dagueneau & Filles"},"image":{"@id":"http:\/\/s-dagueneau-filles.fr\/fr\/#\/schema\/logo\/image\/"},"sameAs":["https:\/\/facebook.com\/serge.dagueneau","https:\/\/www.instagram.com\/dagueneau_et_filles"]}]}},"_links":{"self":[{"href":"http:\/\/s-dagueneau-filles.fr\/fr\/wp-json\/wp\/v2\/pages\/3","targetHints":{"allow":["GET"]}}],"collection":[{"href":"http:\/\/s-dagueneau-filles.fr\/fr\/wp-json\/wp\/v2\/pages"}],"about":[{"href":"http:\/\/s-dagueneau-filles.fr\/fr\/wp-json\/wp\/v2\/types\/page"}],"author":[{"embeddable":true,"href":"http:\/\/s-dagueneau-filles.fr\/fr\/wp-json\/wp\/v2\/users\/1"}],"replies":[{"embeddable":true,"href":"http:\/\/s-dagueneau-filles.fr\/fr\/wp-json\/wp\/v2\/comments?post=3"}],"version-history":[{"count":3,"href":"http:\/\/s-dagueneau-filles.fr\/fr\/wp-json\/wp\/v2\/pages\/3\/revisions"}],"predecessor-version":[{"id":582,"href":"http:\/\/s-dagueneau-filles.fr\/fr\/wp-json\/wp\/v2\/pages\/3\/revisions\/582"}],"wp:attachment":[{"href":"http:\/\/s-dagueneau-filles.fr\/fr\/wp-json\/wp\/v2\/media?parent=3"}],"curies":[{"name":"wp","href":"https:\/\/api.w.org\/{rel}","templated":true}]}}