{"id":10,"date":"2021-04-13T22:07:27","date_gmt":"2021-04-13T20:07:27","guid":{"rendered":"http:\/\/s-dagueneau-filles.fr\/?page_id=10"},"modified":"2021-06-20T14:49:42","modified_gmt":"2021-06-20T12:49:42","slug":"nos-vignobles","status":"publish","type":"page","link":"http:\/\/s-dagueneau-filles.fr\/fr\/nos-vignobles\/","title":{"rendered":"En terres de&nbsp;Pouilly"},"content":{"rendered":"\n<h2 class=\"wp-block-heading\" id=\"pouillyfume\">POUILLY FUM\u00c9 <small>&#8211; 18 ha<\/small><br><span style=\"color:#899D3D\" class=\"color\">POUILLY-SUR-LOIRE <small>&#8211; 0,6 ha<\/small><\/span><\/h2>\n\n\n\n<div class=\"wp-block-columns is-layout-flex wp-container-core-columns-is-layout-9d6595d7 wp-block-columns-is-layout-flex\">\n<div class=\"wp-block-column is-layout-flow wp-block-column-is-layout-flow\" style=\"flex-basis:60%\">\n<div class=\"wp-block-image\"><figure class=\"alignleft size-full is-resized\"><img loading=\"lazy\" decoding=\"async\" src=\"http:\/\/s-dagueneau-filles.fr\/wp-content\/uploads\/2021\/04\/Vignobles_Tradition.png\" alt=\"\" class=\"wp-image-89\" width=\"84\" height=\"360\" srcset=\"http:\/\/s-dagueneau-filles.fr\/wp-content\/uploads\/2021\/04\/Vignobles_Tradition.png 168w, http:\/\/s-dagueneau-filles.fr\/wp-content\/uploads\/2021\/04\/Vignobles_Tradition-70x300.png 70w\" sizes=\"auto, (max-width: 84px) 100vw, 84px\" \/><\/figure><\/div>\n\n\n\n<p class=\"drop-cap\">Notre Domaine se situe principalement sur des sols de <strong>marnes kimmeridgiennes<\/strong> dites \u00ab Terres Blanches \u00bb, un soup\u00e7on de calcaire du Barrois et une pr\u00e9cieuse <strong>petite veine de silex<\/strong> : de magnifiques terroirs exprim\u00e9s et r\u00e9v\u00e9l\u00e9s dans nos diff\u00e9rentes cuv\u00e9es.<\/p>\n\n\n\n<p>L\u2019\u00e2ge moyen de nos vignes est d\u2019environ 40 ans pour nos Sauvignons (Pouilly Fum\u00e9), et plus que centenaire pour celle de notre Chasselas (Pouilly-sur-Loire).<\/p>\n\n\n\n<p>La r\u00e9ussite d\u2019un vin se con\u00e7oit d\u2019abord et avant tout dans la qualit\u00e9 intrins\u00e8que des raisins. C\u2019est pourquoi nous avons \u00e0 c\u0153ur de respecter nos sols et apportons un soin constant \u00e0 chaque pied de vigne.<\/p>\n\n\n\n<p>Nous appliquons des <strong>pratiques \u00ab raisonn\u00e9es et engag\u00e9es \u00bb<\/strong> pour pr\u00e9server ce patrimoine naturel : <strong>certification Haute Valeur Environnementale<\/strong> (HVE) ; labours ; buttage et d\u00e9buttage ; pas de d\u00e9sherbage chimique ; utilisation optimale du biocontr\u00f4le (exemple : principe de confusion sexuelle contre les vers de la grappe) ; etc.<\/p>\n<\/div>\n\n\n\n<div class=\"wp-block-column is-layout-flow wp-block-column-is-layout-flow\" style=\"flex-basis:40%\">\n<figure class=\"wp-block-image size-large\"><img loading=\"lazy\" decoding=\"async\" width=\"800\" height=\"480\" src=\"http:\/\/s-dagueneau-filles.fr\/wp-content\/uploads\/2021\/04\/Pouilly_vignes.jpg\" alt=\"\" class=\"wp-image-85\" srcset=\"http:\/\/s-dagueneau-filles.fr\/wp-content\/uploads\/2021\/04\/Pouilly_vignes.jpg 800w, http:\/\/s-dagueneau-filles.fr\/wp-content\/uploads\/2021\/04\/Pouilly_vignes-300x180.jpg 300w\" sizes=\"auto, (max-width: 800px) 100vw, 800px\" \/><\/figure>\n\n\n\n<figure class=\"wp-block-image size-large\"><img loading=\"lazy\" decoding=\"async\" width=\"800\" height=\"220\" src=\"http:\/\/s-dagueneau-filles.fr\/wp-content\/uploads\/2021\/04\/Pouilly_marnes.jpg\" alt=\"\" class=\"wp-image-84\" srcset=\"http:\/\/s-dagueneau-filles.fr\/wp-content\/uploads\/2021\/04\/Pouilly_marnes.jpg 800w, http:\/\/s-dagueneau-filles.fr\/wp-content\/uploads\/2021\/04\/Pouilly_marnes-300x83.jpg 300w\" sizes=\"auto, (max-width: 800px) 100vw, 800px\" \/><\/figure>\n\n\n\n<div class=\"wp-block-file aligncenter\"><a href=\"http:\/\/s-dagueneau-filles.fr\/wp-content\/uploads\/2021\/04\/DAGUENEAU_CARTE_VIGNOBLE_POUILLY_site.pdf\" class=\"wp-block-file__button\" download><strong>T\u00e9l\u00e9charger<\/strong><br>LE PLAN DU VIGNOBLE<\/a><\/div>\n<\/div>\n<\/div>\n\n\n\n<hr class=\"wp-block-separator\"\/>\n\n\n\n<div class=\"wp-block-columns is-layout-flex wp-container-core-columns-is-layout-9d6595d7 wp-block-columns-is-layout-flex\">\n<div class=\"wp-block-column is-layout-flow wp-block-column-is-layout-flow\" style=\"flex-basis:60%\">\n<h1 class=\"has-text-align-center wp-block-heading\" id=\"charite\">Sur le chemin de&nbsp;Saint-Jacques <br><small>de&nbsp;Compostelle<\/small><\/h1>\n<\/div>\n\n\n\n<div class=\"wp-block-column is-layout-flow wp-block-column-is-layout-flow\" style=\"flex-basis:40%\"><\/div>\n<\/div>\n\n\n\n<h2 class=\"wp-block-heading\"><span style=\"color:#899D3D\" class=\"color\">C\u00d4TES DE LA CHARIT\u00c9 <small>&#8211; 3 ha<\/small><\/span><\/h2>\n\n\n\n<div class=\"wp-block-columns is-layout-flex wp-container-core-columns-is-layout-9d6595d7 wp-block-columns-is-layout-flex\">\n<div class=\"wp-block-column is-layout-flow wp-block-column-is-layout-flow\" style=\"flex-basis:60%\">\n<div class=\"wp-block-image\"><figure class=\"alignleft size-full is-resized\"><img loading=\"lazy\" decoding=\"async\" src=\"http:\/\/s-dagueneau-filles.fr\/wp-content\/uploads\/2021\/04\/Vignobles_Pinot_Noir.png\" alt=\"\" class=\"wp-image-88\" width=\"84\" height=\"360\" srcset=\"http:\/\/s-dagueneau-filles.fr\/wp-content\/uploads\/2021\/04\/Vignobles_Pinot_Noir.png 168w, http:\/\/s-dagueneau-filles.fr\/wp-content\/uploads\/2021\/04\/Vignobles_Pinot_Noir-70x300.png 70w\" sizes=\"auto, (max-width: 84px) 100vw, 84px\" \/><\/figure><\/div>\n\n\n\n<p class=\"drop-cap\">Soyez curieux et d\u00e9couvrez nos C\u00f4tes de La Charit\u00e9 qui vous ferons voyager entre Bourgogne et Loire. Au Moyen \u00c2ge, cultiv\u00e9 par les moines clunisiens, un vaste vignoble s\u2019\u00e9tend de La Charit\u00e9-sur-Loire \u00e0 Nevers : les <strong>C\u00f4tes de La Charit\u00e9<\/strong>. Victime du phyllox\u00e9ra, r\u00e9duit \u00e0 une poign\u00e9e d\u2019hectares, ce vignoble rena\u00eet aujourd\u2019hui gr\u00e2ce \u00e0 des vignerons passionn\u00e9s. Il est d\u00e9sormais class\u00e9 IGP (Indication G\u00e9ographique Prot\u00e9g\u00e9e) et compte 50 ha au total sur l\u2019appellation.<\/p>\n\n\n\n<p>Expos\u00e9es au sud, sud-est, entour\u00e9es par la for\u00eat des Bertranges, nos parcelles se situent sur les Mont\u00e9es de Saint-Lay. Ce terroir argilo-calcaire l\u00e9g\u00e8rement ferrugineux nous permet de travailler des c\u00e9pages diff\u00e9rents aussi bien en <strong>blanc<\/strong> (Chardonnay, Pinot Beurrot) qu\u2019en <strong>rouge<\/strong> (Pinot noir) et m\u00eame en <strong>ros\u00e9<\/strong> (Pinot noir). Une palette d\u2019ar\u00f4mes qu\u2019il vous faut d\u00e9couvrir.<\/p>\n<\/div>\n\n\n\n<div class=\"wp-block-column is-layout-flow wp-block-column-is-layout-flow\" style=\"flex-basis:40%\">\n<figure class=\"wp-block-image size-large\"><img loading=\"lazy\" decoding=\"async\" width=\"800\" height=\"420\" src=\"http:\/\/s-dagueneau-filles.fr\/wp-content\/uploads\/2021\/04\/St_Lay_vigne.jpg\" alt=\"\" class=\"wp-image-87\" srcset=\"http:\/\/s-dagueneau-filles.fr\/wp-content\/uploads\/2021\/04\/St_Lay_vigne.jpg 800w, http:\/\/s-dagueneau-filles.fr\/wp-content\/uploads\/2021\/04\/St_Lay_vigne-300x158.jpg 300w\" sizes=\"auto, (max-width: 800px) 100vw, 800px\" \/><\/figure>\n\n\n\n<figure class=\"wp-block-image size-large\"><img loading=\"lazy\" decoding=\"async\" width=\"800\" height=\"280\" src=\"http:\/\/s-dagueneau-filles.fr\/wp-content\/uploads\/2021\/04\/St_Lay_la_charite.jpg\" alt=\"\" class=\"wp-image-86\" srcset=\"http:\/\/s-dagueneau-filles.fr\/wp-content\/uploads\/2021\/04\/St_Lay_la_charite.jpg 800w, http:\/\/s-dagueneau-filles.fr\/wp-content\/uploads\/2021\/04\/St_Lay_la_charite-300x105.jpg 300w\" sizes=\"auto, (max-width: 800px) 100vw, 800px\" \/><\/figure>\n\n\n\n<div class=\"wp-block-file aligncenter\"><a href=\"http:\/\/s-dagueneau-filles.fr\/wp-content\/uploads\/2021\/04\/Carte_vignoble_cote_Charite.pdf\" class=\"wp-block-file__button\" download><strong>T\u00e9l\u00e9charger<\/strong><br>LE PLAN DU VIGNOBLE<\/a><\/div>\n<\/div>\n<\/div>\n","protected":false},"excerpt":{"rendered":"<p>POUILLY FUM\u00c9 &#8211; 18 haPOUILLY-SUR-LOIRE &#8211; 0,6 ha Notre Domaine se situe principalement sur des sols de marnes kimmeridgiennes dites \u00ab Terres Blanches \u00bb, un soup\u00e7on de calcaire du Barrois et une pr\u00e9cieuse petite veine de silex : de magnifiques terroirs exprim\u00e9s et r\u00e9v\u00e9l\u00e9s dans nos diff\u00e9rentes cuv\u00e9es. L\u2019\u00e2ge moyen de nos vignes est d\u2019environ <a href=\"http:\/\/s-dagueneau-filles.fr\/fr\/nos-vignobles\/\" class=\"more-link\">&#8230;<\/a><\/p>\n","protected":false},"author":1,"featured_media":110,"parent":0,"menu_order":0,"comment_status":"closed","ping_status":"closed","template":"","meta":{"footnotes":""},"class_list":["post-10","page","type-page","status-publish","has-post-thumbnail","hentry"],"yoast_head":"<!-- This site is optimized with the Yoast SEO plugin v24.9 - https:\/\/yoast.com\/wordpress\/plugins\/seo\/ -->\n<title>En terres de&nbsp;Pouilly - Domaine Serge Dagueneau &amp; Filles<\/title>\n<meta name=\"robots\" content=\"index, follow, max-snippet:-1, max-image-preview:large, max-video-preview:-1\" \/>\n<link rel=\"canonical\" href=\"http:\/\/s-dagueneau-filles.fr\/fr\/nos-vignobles\/\" \/>\n<meta property=\"og:locale\" content=\"fr_FR\" \/>\n<meta property=\"og:type\" content=\"article\" \/>\n<meta property=\"og:title\" content=\"En terres de&nbsp;Pouilly - Domaine Serge Dagueneau &amp; Filles\" \/>\n<meta property=\"og:description\" content=\"POUILLY FUM\u00c9 &#8211; 18 haPOUILLY-SUR-LOIRE &#8211; 0,6 ha Notre Domaine se situe principalement sur des sols de marnes kimmeridgiennes dites \u00ab Terres Blanches \u00bb, un soup\u00e7on de calcaire du Barrois et une pr\u00e9cieuse petite veine de silex : de magnifiques terroirs exprim\u00e9s et r\u00e9v\u00e9l\u00e9s dans nos diff\u00e9rentes cuv\u00e9es. L\u2019\u00e2ge moyen de nos vignes est d\u2019environ ...\" \/>\n<meta property=\"og:url\" content=\"http:\/\/s-dagueneau-filles.fr\/fr\/nos-vignobles\/\" \/>\n<meta property=\"og:site_name\" content=\"Domaine Serge Dagueneau &amp; Filles\" \/>\n<meta property=\"article:publisher\" content=\"https:\/\/facebook.com\/serge.dagueneau\" \/>\n<meta property=\"article:modified_time\" content=\"2021-06-20T12:49:42+00:00\" \/>\n<meta property=\"og:image\" content=\"http:\/\/s-dagueneau-filles.fr\/wp-content\/uploads\/2021\/04\/Vignobles_1_principal.jpg\" \/>\n\t<meta property=\"og:image:width\" content=\"2280\" \/>\n\t<meta property=\"og:image:height\" content=\"1096\" \/>\n\t<meta property=\"og:image:type\" content=\"image\/jpeg\" \/>\n<meta name=\"twitter:card\" content=\"summary_large_image\" \/>\n<meta name=\"twitter:label1\" content=\"Dur\u00e9e de lecture estim\u00e9e\" \/>\n\t<meta name=\"twitter:data1\" content=\"2 minutes\" \/>\n<script type=\"application\/ld+json\" class=\"yoast-schema-graph\">{\"@context\":\"https:\/\/schema.org\",\"@graph\":[{\"@type\":\"WebPage\",\"@id\":\"http:\/\/s-dagueneau-filles.fr\/fr\/nos-vignobles\/\",\"url\":\"http:\/\/s-dagueneau-filles.fr\/fr\/nos-vignobles\/\",\"name\":\"En terres de&nbsp;Pouilly - Domaine Serge Dagueneau &amp; Filles\",\"isPartOf\":{\"@id\":\"http:\/\/s-dagueneau-filles.fr\/fr\/#website\"},\"primaryImageOfPage\":{\"@id\":\"http:\/\/s-dagueneau-filles.fr\/fr\/nos-vignobles\/#primaryimage\"},\"image\":{\"@id\":\"http:\/\/s-dagueneau-filles.fr\/fr\/nos-vignobles\/#primaryimage\"},\"thumbnailUrl\":\"http:\/\/s-dagueneau-filles.fr\/wp-content\/uploads\/2021\/04\/Vignobles_1_principal.jpg\",\"datePublished\":\"2021-04-13T20:07:27+00:00\",\"dateModified\":\"2021-06-20T12:49:42+00:00\",\"breadcrumb\":{\"@id\":\"http:\/\/s-dagueneau-filles.fr\/fr\/nos-vignobles\/#breadcrumb\"},\"inLanguage\":\"fr-FR\",\"potentialAction\":[{\"@type\":\"ReadAction\",\"target\":[\"http:\/\/s-dagueneau-filles.fr\/fr\/nos-vignobles\/\"]}]},{\"@type\":\"ImageObject\",\"inLanguage\":\"fr-FR\",\"@id\":\"http:\/\/s-dagueneau-filles.fr\/fr\/nos-vignobles\/#primaryimage\",\"url\":\"http:\/\/s-dagueneau-filles.fr\/wp-content\/uploads\/2021\/04\/Vignobles_1_principal.jpg\",\"contentUrl\":\"http:\/\/s-dagueneau-filles.fr\/wp-content\/uploads\/2021\/04\/Vignobles_1_principal.jpg\",\"width\":2280,\"height\":1096},{\"@type\":\"BreadcrumbList\",\"@id\":\"http:\/\/s-dagueneau-filles.fr\/fr\/nos-vignobles\/#breadcrumb\",\"itemListElement\":[{\"@type\":\"ListItem\",\"position\":1,\"name\":\"Home\",\"item\":\"http:\/\/s-dagueneau-filles.fr\/fr\/\"},{\"@type\":\"ListItem\",\"position\":2,\"name\":\"En terres de&nbsp;Pouilly\"}]},{\"@type\":\"WebSite\",\"@id\":\"http:\/\/s-dagueneau-filles.fr\/fr\/#website\",\"url\":\"http:\/\/s-dagueneau-filles.fr\/fr\/\",\"name\":\"Domaine Serge Dagueneau &amp; Filles\",\"description\":\"Pouilly Fum\u00e9\",\"publisher\":{\"@id\":\"http:\/\/s-dagueneau-filles.fr\/fr\/#organization\"},\"potentialAction\":[{\"@type\":\"SearchAction\",\"target\":{\"@type\":\"EntryPoint\",\"urlTemplate\":\"http:\/\/s-dagueneau-filles.fr\/fr\/?s={search_term_string}\"},\"query-input\":{\"@type\":\"PropertyValueSpecification\",\"valueRequired\":true,\"valueName\":\"search_term_string\"}}],\"inLanguage\":\"fr-FR\"},{\"@type\":\"Organization\",\"@id\":\"http:\/\/s-dagueneau-filles.fr\/fr\/#organization\",\"name\":\"Domaine Serge Dagueneau & Filles\",\"url\":\"http:\/\/s-dagueneau-filles.fr\/fr\/\",\"logo\":{\"@type\":\"ImageObject\",\"inLanguage\":\"fr-FR\",\"@id\":\"http:\/\/s-dagueneau-filles.fr\/fr\/#\/schema\/logo\/image\/\",\"url\":\"http:\/\/s-dagueneau-filles.fr\/wp-content\/uploads\/2021\/04\/Logo_Serge_Dagueneau.png\",\"contentUrl\":\"http:\/\/s-dagueneau-filles.fr\/wp-content\/uploads\/2021\/04\/Logo_Serge_Dagueneau.png\",\"width\":801,\"height\":315,\"caption\":\"Domaine Serge Dagueneau & Filles\"},\"image\":{\"@id\":\"http:\/\/s-dagueneau-filles.fr\/fr\/#\/schema\/logo\/image\/\"},\"sameAs\":[\"https:\/\/facebook.com\/serge.dagueneau\",\"https:\/\/www.instagram.com\/dagueneau_et_filles\"]}]}<\/script>\n<!-- \/ Yoast SEO plugin. -->","yoast_head_json":{"title":"En terres de&nbsp;Pouilly - Domaine Serge Dagueneau &amp; Filles","robots":{"index":"index","follow":"follow","max-snippet":"max-snippet:-1","max-image-preview":"max-image-preview:large","max-video-preview":"max-video-preview:-1"},"canonical":"http:\/\/s-dagueneau-filles.fr\/fr\/nos-vignobles\/","og_locale":"fr_FR","og_type":"article","og_title":"En terres de&nbsp;Pouilly - Domaine Serge Dagueneau &amp; Filles","og_description":"POUILLY FUM\u00c9 &#8211; 18 haPOUILLY-SUR-LOIRE &#8211; 0,6 ha Notre Domaine se situe principalement sur des sols de marnes kimmeridgiennes dites \u00ab Terres Blanches \u00bb, un soup\u00e7on de calcaire du Barrois et une pr\u00e9cieuse petite veine de silex : de magnifiques terroirs exprim\u00e9s et r\u00e9v\u00e9l\u00e9s dans nos diff\u00e9rentes cuv\u00e9es. L\u2019\u00e2ge moyen de nos vignes est d\u2019environ ...","og_url":"http:\/\/s-dagueneau-filles.fr\/fr\/nos-vignobles\/","og_site_name":"Domaine Serge Dagueneau &amp; Filles","article_publisher":"https:\/\/facebook.com\/serge.dagueneau","article_modified_time":"2021-06-20T12:49:42+00:00","og_image":[{"width":2280,"height":1096,"url":"http:\/\/s-dagueneau-filles.fr\/wp-content\/uploads\/2021\/04\/Vignobles_1_principal.jpg","type":"image\/jpeg"}],"twitter_card":"summary_large_image","twitter_misc":{"Dur\u00e9e de lecture estim\u00e9e":"2 minutes"},"schema":{"@context":"https:\/\/schema.org","@graph":[{"@type":"WebPage","@id":"http:\/\/s-dagueneau-filles.fr\/fr\/nos-vignobles\/","url":"http:\/\/s-dagueneau-filles.fr\/fr\/nos-vignobles\/","name":"En terres de&nbsp;Pouilly - Domaine Serge Dagueneau &amp; Filles","isPartOf":{"@id":"http:\/\/s-dagueneau-filles.fr\/fr\/#website"},"primaryImageOfPage":{"@id":"http:\/\/s-dagueneau-filles.fr\/fr\/nos-vignobles\/#primaryimage"},"image":{"@id":"http:\/\/s-dagueneau-filles.fr\/fr\/nos-vignobles\/#primaryimage"},"thumbnailUrl":"http:\/\/s-dagueneau-filles.fr\/wp-content\/uploads\/2021\/04\/Vignobles_1_principal.jpg","datePublished":"2021-04-13T20:07:27+00:00","dateModified":"2021-06-20T12:49:42+00:00","breadcrumb":{"@id":"http:\/\/s-dagueneau-filles.fr\/fr\/nos-vignobles\/#breadcrumb"},"inLanguage":"fr-FR","potentialAction":[{"@type":"ReadAction","target":["http:\/\/s-dagueneau-filles.fr\/fr\/nos-vignobles\/"]}]},{"@type":"ImageObject","inLanguage":"fr-FR","@id":"http:\/\/s-dagueneau-filles.fr\/fr\/nos-vignobles\/#primaryimage","url":"http:\/\/s-dagueneau-filles.fr\/wp-content\/uploads\/2021\/04\/Vignobles_1_principal.jpg","contentUrl":"http:\/\/s-dagueneau-filles.fr\/wp-content\/uploads\/2021\/04\/Vignobles_1_principal.jpg","width":2280,"height":1096},{"@type":"BreadcrumbList","@id":"http:\/\/s-dagueneau-filles.fr\/fr\/nos-vignobles\/#breadcrumb","itemListElement":[{"@type":"ListItem","position":1,"name":"Home","item":"http:\/\/s-dagueneau-filles.fr\/fr\/"},{"@type":"ListItem","position":2,"name":"En terres de&nbsp;Pouilly"}]},{"@type":"WebSite","@id":"http:\/\/s-dagueneau-filles.fr\/fr\/#website","url":"http:\/\/s-dagueneau-filles.fr\/fr\/","name":"Domaine Serge Dagueneau &amp; Filles","description":"Pouilly Fum\u00e9","publisher":{"@id":"http:\/\/s-dagueneau-filles.fr\/fr\/#organization"},"potentialAction":[{"@type":"SearchAction","target":{"@type":"EntryPoint","urlTemplate":"http:\/\/s-dagueneau-filles.fr\/fr\/?s={search_term_string}"},"query-input":{"@type":"PropertyValueSpecification","valueRequired":true,"valueName":"search_term_string"}}],"inLanguage":"fr-FR"},{"@type":"Organization","@id":"http:\/\/s-dagueneau-filles.fr\/fr\/#organization","name":"Domaine Serge Dagueneau & Filles","url":"http:\/\/s-dagueneau-filles.fr\/fr\/","logo":{"@type":"ImageObject","inLanguage":"fr-FR","@id":"http:\/\/s-dagueneau-filles.fr\/fr\/#\/schema\/logo\/image\/","url":"http:\/\/s-dagueneau-filles.fr\/wp-content\/uploads\/2021\/04\/Logo_Serge_Dagueneau.png","contentUrl":"http:\/\/s-dagueneau-filles.fr\/wp-content\/uploads\/2021\/04\/Logo_Serge_Dagueneau.png","width":801,"height":315,"caption":"Domaine Serge Dagueneau & Filles"},"image":{"@id":"http:\/\/s-dagueneau-filles.fr\/fr\/#\/schema\/logo\/image\/"},"sameAs":["https:\/\/facebook.com\/serge.dagueneau","https:\/\/www.instagram.com\/dagueneau_et_filles"]}]}},"_links":{"self":[{"href":"http:\/\/s-dagueneau-filles.fr\/fr\/wp-json\/wp\/v2\/pages\/10","targetHints":{"allow":["GET"]}}],"collection":[{"href":"http:\/\/s-dagueneau-filles.fr\/fr\/wp-json\/wp\/v2\/pages"}],"about":[{"href":"http:\/\/s-dagueneau-filles.fr\/fr\/wp-json\/wp\/v2\/types\/page"}],"author":[{"embeddable":true,"href":"http:\/\/s-dagueneau-filles.fr\/fr\/wp-json\/wp\/v2\/users\/1"}],"replies":[{"embeddable":true,"href":"http:\/\/s-dagueneau-filles.fr\/fr\/wp-json\/wp\/v2\/comments?post=10"}],"version-history":[{"count":20,"href":"http:\/\/s-dagueneau-filles.fr\/fr\/wp-json\/wp\/v2\/pages\/10\/revisions"}],"predecessor-version":[{"id":633,"href":"http:\/\/s-dagueneau-filles.fr\/fr\/wp-json\/wp\/v2\/pages\/10\/revisions\/633"}],"wp:featuredmedia":[{"embeddable":true,"href":"http:\/\/s-dagueneau-filles.fr\/fr\/wp-json\/wp\/v2\/media\/110"}],"wp:attachment":[{"href":"http:\/\/s-dagueneau-filles.fr\/fr\/wp-json\/wp\/v2\/media?parent=10"}],"curies":[{"name":"wp","href":"https:\/\/api.w.org\/{rel}","templated":true}]}}