{"id":403,"date":"2021-05-19T22:33:38","date_gmt":"2021-05-19T20:33:38","guid":{"rendered":"http:\/\/s-dagueneau-filles.fr\/?page_id=403"},"modified":"2021-07-20T21:42:49","modified_gmt":"2021-07-20T19:42:49","slug":"terms-of-use","status":"publish","type":"page","link":"http:\/\/s-dagueneau-filles.fr\/en\/terms-of-use\/","title":{"rendered":"Legal notice"},"content":{"rendered":"\n<p>Company name:&nbsp;<strong>Domaine Serge Dagueneau &amp; Filles<\/strong><\/p>\n\n\n\n<p>Headquarters:&nbsp;<strong>Les Berthiers \u2013 22, rue du Mont Beauvois \u2013 58150 Saint-Andelain<\/strong><\/p>\n\n\n\n<p>Phone:&nbsp;<strong>+ 33 (0)3 86 39 11 18<\/strong><\/p>\n\n\n\n<p>Fax:&nbsp;<strong>+ 33 (0)3 86 39 05 32<\/strong><\/p>\n\n\n\n<p>Email:&nbsp;<strong>sergedagueneaufilles@wanadoo.fr<\/strong><\/p>\n\n\n\n<p>Managing editor:&nbsp;<strong>Val\u00e9rie Dagueneau<\/strong><\/p>\n\n\n\n<p>RCS registration:&nbsp;<strong>399147065<\/strong><\/p>\n\n\n\n<p>Company registration number:&nbsp;<strong>399 147 065 00011<\/strong><\/p>\n\n\n\n<p>Capital:&nbsp;<strong>515 537,00 \u20ac<\/strong><\/p>\n\n\n\n<p>Intra-Community VAT:&nbsp;<strong>FR69399147065<\/strong><\/p>\n\n\n\n<p>APE code:&nbsp;<strong>0121Z<\/strong><\/p>\n\n\n\n<p>Excise:&nbsp;<strong>FR095518E0089<\/strong><\/p>\n\n\n\n<p>\u00a0<\/p>\n\n\n\n<h3 class=\"wp-block-heading\">Graphic design:<\/h3>\n\n\n\n<p><strong>Renaud Scapin graphisme et communication<\/strong><br>85, rue Camille Barr\u00e8re &#8211; 58400 La Charit\u00e9-sur-Loire<br>T\u00e9l. : + 33 (0)3 86 69 41 41<\/p>\n\n\n\n<p>\u00a0<\/p>\n\n\n\n<h3 class=\"wp-block-heading\">Website development:<\/h3>\n\n\n\n<p><strong>ABM Studio<\/strong><br>25, rue des Cascades &#8211; F-75020 Paris<br>T\u00e9l. : + 33 (0)6 76 86 90 89<br>www.abm-studio.com<\/p>\n\n\n\n<p>\u00a0<\/p>\n\n\n\n<h3 class=\"wp-block-heading\">Web hosting service:<\/h3>\n\n\n\n<p>ONLINE, Limited Liability Company. Capital: 214 410,50 Euros. Headquarters: 8, rue de la ville l\u2019Ev\u00eaque \u2014 75008 PARIS. Company registered in the&nbsp;Registre du Commerce et des Soci\u00e9t\u00e9s de Paris, registration number RCS PARIS B 433 115 904 . VAT number FR35433115904.<\/p>\n\n\n\n<p>\u00a0<\/p>\n\n\n\n<p>This website and the information it holds are protected by French intellectual property law and international laws. This website and its content cannot be reproduced nor modified without prior written authorization from rights holders.<\/p>\n\n\n\n<hr class=\"wp-block-separator\"\/>\n\n\n\n<h2 class=\"wp-block-heading\" id=\"datapolicy\">Data management<\/h2>\n\n\n\n<p>Users have a legal right to access, modify, rectify and delete data which concerns them (article 34 of the \u201dInformatique et Libert\u00e9s\u201c law, January 6, 1978). To exercise their rights, users can contact the aforementioned managing editor. According to the 2018 European treaty on data management (RGPD), data collected via different personalized contact forms are stored for a maximum time period of three years. If you wish us to delete this data, please contact the aforementioned managing editor.<\/p>\n\n\n\n<hr class=\"wp-block-separator\"\/>\n\n\n\n<h2 class=\"wp-block-heading\" id=\"cookiepolicy\">Cookie policy<\/h2>\n\n\n\n<p>Users are informed that a cookie can be automatically downloaded onto their web browser when visiting this website. Cookies record user information relative to web browsing and cannot identify users. The user can deactivate this website&#8217;s cookie in your browser settings.<\/p>\n","protected":false},"excerpt":{"rendered":"<p>Company name:&nbsp;Domaine Serge Dagueneau &amp; Filles Headquarters:&nbsp;Les Berthiers \u2013 22, rue du Mont Beauvois \u2013 58150 Saint-Andelain Phone:&nbsp;+ 33 (0)3 86 39 11 18 Fax:&nbsp;+ 33 (0)3 86 39 05 32 Email:&nbsp;sergedagueneaufilles@wanadoo.fr Managing editor:&nbsp;Val\u00e9rie Dagueneau RCS registration:&nbsp;399147065 Company registration number:&nbsp;399 147 065 00011 Capital:&nbsp;515 537,00 \u20ac Intra-Community VAT:&nbsp;FR69399147065 APE code:&nbsp;0121Z Excise:&nbsp;FR095518E0089 \u00a0 Graphic design: Renaud <a href=\"http:\/\/s-dagueneau-filles.fr\/en\/terms-of-use\/\" class=\"more-link\">&#8230;<\/a><\/p>\n","protected":false},"author":1,"featured_media":0,"parent":0,"menu_order":0,"comment_status":"closed","ping_status":"open","template":"","meta":{"footnotes":""},"class_list":["post-403","page","type-page","status-publish","hentry"],"yoast_head":"<!-- This site is optimized with the Yoast SEO plugin v24.9 - https:\/\/yoast.com\/wordpress\/plugins\/seo\/ -->\n<title>Legal notice - Domaine Serge Dagueneau &amp; Filles<\/title>\n<meta name=\"robots\" content=\"index, follow, max-snippet:-1, max-image-preview:large, max-video-preview:-1\" \/>\n<link rel=\"canonical\" href=\"http:\/\/s-dagueneau-filles.fr\/en\/terms-of-use\/\" \/>\n<meta property=\"og:locale\" content=\"en_US\" \/>\n<meta property=\"og:type\" content=\"article\" \/>\n<meta property=\"og:title\" content=\"Legal notice - Domaine Serge Dagueneau &amp; Filles\" \/>\n<meta property=\"og:description\" content=\"Company name:&nbsp;Domaine Serge Dagueneau &amp; Filles Headquarters:&nbsp;Les Berthiers \u2013 22, rue du Mont Beauvois \u2013 58150 Saint-Andelain Phone:&nbsp;+ 33 (0)3 86 39 11 18 Fax:&nbsp;+ 33 (0)3 86 39 05 32 Email:&nbsp;sergedagueneaufilles@wanadoo.fr Managing editor:&nbsp;Val\u00e9rie Dagueneau RCS registration:&nbsp;399147065 Company registration number:&nbsp;399 147 065 00011 Capital:&nbsp;515 537,00 \u20ac Intra-Community VAT:&nbsp;FR69399147065 APE code:&nbsp;0121Z Excise:&nbsp;FR095518E0089 \u00a0 Graphic design: Renaud ...\" \/>\n<meta property=\"og:url\" content=\"http:\/\/s-dagueneau-filles.fr\/en\/terms-of-use\/\" \/>\n<meta property=\"og:site_name\" content=\"Domaine Serge Dagueneau &amp; Filles\" \/>\n<meta property=\"article:publisher\" content=\"https:\/\/facebook.com\/serge.dagueneau\" \/>\n<meta property=\"article:modified_time\" content=\"2021-07-20T19:42:49+00:00\" \/>\n<meta property=\"og:image\" content=\"http:\/\/s-dagueneau-filles.fr\/wp-content\/uploads\/2021\/04\/Accueil_1_principal.jpg\" \/>\n\t<meta property=\"og:image:width\" content=\"2280\" \/>\n\t<meta property=\"og:image:height\" content=\"1096\" \/>\n\t<meta property=\"og:image:type\" content=\"image\/jpeg\" \/>\n<meta name=\"twitter:card\" content=\"summary_large_image\" \/>\n<meta name=\"twitter:label1\" content=\"Est. reading time\" \/>\n\t<meta name=\"twitter:data1\" content=\"1 minute\" \/>\n<script type=\"application\/ld+json\" class=\"yoast-schema-graph\">{\"@context\":\"https:\/\/schema.org\",\"@graph\":[{\"@type\":\"WebPage\",\"@id\":\"http:\/\/s-dagueneau-filles.fr\/en\/terms-of-use\/\",\"url\":\"http:\/\/s-dagueneau-filles.fr\/en\/terms-of-use\/\",\"name\":\"Legal notice - Domaine Serge Dagueneau &amp; Filles\",\"isPartOf\":{\"@id\":\"http:\/\/s-dagueneau-filles.fr\/fr\/#website\"},\"datePublished\":\"2021-05-19T20:33:38+00:00\",\"dateModified\":\"2021-07-20T19:42:49+00:00\",\"breadcrumb\":{\"@id\":\"http:\/\/s-dagueneau-filles.fr\/en\/terms-of-use\/#breadcrumb\"},\"inLanguage\":\"en-US\",\"potentialAction\":[{\"@type\":\"ReadAction\",\"target\":[\"http:\/\/s-dagueneau-filles.fr\/en\/terms-of-use\/\"]}]},{\"@type\":\"BreadcrumbList\",\"@id\":\"http:\/\/s-dagueneau-filles.fr\/en\/terms-of-use\/#breadcrumb\",\"itemListElement\":[{\"@type\":\"ListItem\",\"position\":1,\"name\":\"Home\",\"item\":\"http:\/\/s-dagueneau-filles.fr\/en\/pouilly-fume\/\"},{\"@type\":\"ListItem\",\"position\":2,\"name\":\"Legal notice\"}]},{\"@type\":\"WebSite\",\"@id\":\"http:\/\/s-dagueneau-filles.fr\/fr\/#website\",\"url\":\"http:\/\/s-dagueneau-filles.fr\/fr\/\",\"name\":\"Domaine Serge Dagueneau &amp; Filles\",\"description\":\"Pouilly Fum\u00e9\",\"publisher\":{\"@id\":\"http:\/\/s-dagueneau-filles.fr\/fr\/#organization\"},\"potentialAction\":[{\"@type\":\"SearchAction\",\"target\":{\"@type\":\"EntryPoint\",\"urlTemplate\":\"http:\/\/s-dagueneau-filles.fr\/fr\/?s={search_term_string}\"},\"query-input\":{\"@type\":\"PropertyValueSpecification\",\"valueRequired\":true,\"valueName\":\"search_term_string\"}}],\"inLanguage\":\"en-US\"},{\"@type\":\"Organization\",\"@id\":\"http:\/\/s-dagueneau-filles.fr\/fr\/#organization\",\"name\":\"Domaine Serge Dagueneau & Filles\",\"url\":\"http:\/\/s-dagueneau-filles.fr\/fr\/\",\"logo\":{\"@type\":\"ImageObject\",\"inLanguage\":\"en-US\",\"@id\":\"http:\/\/s-dagueneau-filles.fr\/fr\/#\/schema\/logo\/image\/\",\"url\":\"http:\/\/s-dagueneau-filles.fr\/wp-content\/uploads\/2021\/04\/Logo_Serge_Dagueneau.png\",\"contentUrl\":\"http:\/\/s-dagueneau-filles.fr\/wp-content\/uploads\/2021\/04\/Logo_Serge_Dagueneau.png\",\"width\":801,\"height\":315,\"caption\":\"Domaine Serge Dagueneau & Filles\"},\"image\":{\"@id\":\"http:\/\/s-dagueneau-filles.fr\/fr\/#\/schema\/logo\/image\/\"},\"sameAs\":[\"https:\/\/facebook.com\/serge.dagueneau\",\"https:\/\/www.instagram.com\/dagueneau_et_filles\"]}]}<\/script>\n<!-- \/ Yoast SEO plugin. -->","yoast_head_json":{"title":"Legal notice - Domaine Serge Dagueneau &amp; Filles","robots":{"index":"index","follow":"follow","max-snippet":"max-snippet:-1","max-image-preview":"max-image-preview:large","max-video-preview":"max-video-preview:-1"},"canonical":"http:\/\/s-dagueneau-filles.fr\/en\/terms-of-use\/","og_locale":"en_US","og_type":"article","og_title":"Legal notice - Domaine Serge Dagueneau &amp; Filles","og_description":"Company name:&nbsp;Domaine Serge Dagueneau &amp; Filles Headquarters:&nbsp;Les Berthiers \u2013 22, rue du Mont Beauvois \u2013 58150 Saint-Andelain Phone:&nbsp;+ 33 (0)3 86 39 11 18 Fax:&nbsp;+ 33 (0)3 86 39 05 32 Email:&nbsp;sergedagueneaufilles@wanadoo.fr Managing editor:&nbsp;Val\u00e9rie Dagueneau RCS registration:&nbsp;399147065 Company registration number:&nbsp;399 147 065 00011 Capital:&nbsp;515 537,00 \u20ac Intra-Community VAT:&nbsp;FR69399147065 APE code:&nbsp;0121Z Excise:&nbsp;FR095518E0089 \u00a0 Graphic design: Renaud ...","og_url":"http:\/\/s-dagueneau-filles.fr\/en\/terms-of-use\/","og_site_name":"Domaine Serge Dagueneau &amp; Filles","article_publisher":"https:\/\/facebook.com\/serge.dagueneau","article_modified_time":"2021-07-20T19:42:49+00:00","og_image":[{"width":2280,"height":1096,"url":"http:\/\/s-dagueneau-filles.fr\/wp-content\/uploads\/2021\/04\/Accueil_1_principal.jpg","type":"image\/jpeg"}],"twitter_card":"summary_large_image","twitter_misc":{"Est. reading time":"1 minute"},"schema":{"@context":"https:\/\/schema.org","@graph":[{"@type":"WebPage","@id":"http:\/\/s-dagueneau-filles.fr\/en\/terms-of-use\/","url":"http:\/\/s-dagueneau-filles.fr\/en\/terms-of-use\/","name":"Legal notice - Domaine Serge Dagueneau &amp; Filles","isPartOf":{"@id":"http:\/\/s-dagueneau-filles.fr\/fr\/#website"},"datePublished":"2021-05-19T20:33:38+00:00","dateModified":"2021-07-20T19:42:49+00:00","breadcrumb":{"@id":"http:\/\/s-dagueneau-filles.fr\/en\/terms-of-use\/#breadcrumb"},"inLanguage":"en-US","potentialAction":[{"@type":"ReadAction","target":["http:\/\/s-dagueneau-filles.fr\/en\/terms-of-use\/"]}]},{"@type":"BreadcrumbList","@id":"http:\/\/s-dagueneau-filles.fr\/en\/terms-of-use\/#breadcrumb","itemListElement":[{"@type":"ListItem","position":1,"name":"Home","item":"http:\/\/s-dagueneau-filles.fr\/en\/pouilly-fume\/"},{"@type":"ListItem","position":2,"name":"Legal notice"}]},{"@type":"WebSite","@id":"http:\/\/s-dagueneau-filles.fr\/fr\/#website","url":"http:\/\/s-dagueneau-filles.fr\/fr\/","name":"Domaine Serge Dagueneau &amp; Filles","description":"Pouilly Fum\u00e9","publisher":{"@id":"http:\/\/s-dagueneau-filles.fr\/fr\/#organization"},"potentialAction":[{"@type":"SearchAction","target":{"@type":"EntryPoint","urlTemplate":"http:\/\/s-dagueneau-filles.fr\/fr\/?s={search_term_string}"},"query-input":{"@type":"PropertyValueSpecification","valueRequired":true,"valueName":"search_term_string"}}],"inLanguage":"en-US"},{"@type":"Organization","@id":"http:\/\/s-dagueneau-filles.fr\/fr\/#organization","name":"Domaine Serge Dagueneau & Filles","url":"http:\/\/s-dagueneau-filles.fr\/fr\/","logo":{"@type":"ImageObject","inLanguage":"en-US","@id":"http:\/\/s-dagueneau-filles.fr\/fr\/#\/schema\/logo\/image\/","url":"http:\/\/s-dagueneau-filles.fr\/wp-content\/uploads\/2021\/04\/Logo_Serge_Dagueneau.png","contentUrl":"http:\/\/s-dagueneau-filles.fr\/wp-content\/uploads\/2021\/04\/Logo_Serge_Dagueneau.png","width":801,"height":315,"caption":"Domaine Serge Dagueneau & Filles"},"image":{"@id":"http:\/\/s-dagueneau-filles.fr\/fr\/#\/schema\/logo\/image\/"},"sameAs":["https:\/\/facebook.com\/serge.dagueneau","https:\/\/www.instagram.com\/dagueneau_et_filles"]}]}},"_links":{"self":[{"href":"http:\/\/s-dagueneau-filles.fr\/en\/wp-json\/wp\/v2\/pages\/403","targetHints":{"allow":["GET"]}}],"collection":[{"href":"http:\/\/s-dagueneau-filles.fr\/en\/wp-json\/wp\/v2\/pages"}],"about":[{"href":"http:\/\/s-dagueneau-filles.fr\/en\/wp-json\/wp\/v2\/types\/page"}],"author":[{"embeddable":true,"href":"http:\/\/s-dagueneau-filles.fr\/en\/wp-json\/wp\/v2\/users\/1"}],"replies":[{"embeddable":true,"href":"http:\/\/s-dagueneau-filles.fr\/en\/wp-json\/wp\/v2\/comments?post=403"}],"version-history":[{"count":4,"href":"http:\/\/s-dagueneau-filles.fr\/en\/wp-json\/wp\/v2\/pages\/403\/revisions"}],"predecessor-version":[{"id":629,"href":"http:\/\/s-dagueneau-filles.fr\/en\/wp-json\/wp\/v2\/pages\/403\/revisions\/629"}],"wp:attachment":[{"href":"http:\/\/s-dagueneau-filles.fr\/en\/wp-json\/wp\/v2\/media?parent=403"}],"curies":[{"name":"wp","href":"https:\/\/api.w.org\/{rel}","templated":true}]}}