{"id":351,"date":"2021-05-17T21:53:18","date_gmt":"2021-05-17T19:53:18","guid":{"rendered":"http:\/\/s-dagueneau-filles.fr\/?page_id=351"},"modified":"2021-06-20T15:09:09","modified_gmt":"2021-06-20T13:09:09","slug":"the-lands-of-pouilly","status":"publish","type":"page","link":"http:\/\/s-dagueneau-filles.fr\/en\/the-lands-of-pouilly\/","title":{"rendered":"The lands of&nbsp;Pouilly"},"content":{"rendered":"\n<h2 class=\"wp-block-heading\" id=\"pouillyfume\">POUILLY FUM\u00c9 <small>&#8211; 44.5 acres \/ 18 ha<\/small><br><span style=\"color:#899D3D\" class=\"color\">POUILLY-SUR-LOIRE <small>&#8211; 1.5 acres \/ 0.6 ha<\/small><\/span><\/h2>\n\n\n\n<div class=\"wp-block-columns is-layout-flex wp-container-core-columns-is-layout-9d6595d7 wp-block-columns-is-layout-flex\">\n<div class=\"wp-block-column is-layout-flow wp-block-column-is-layout-flow\" style=\"flex-basis:60%\">\n<div class=\"wp-block-image\"><figure class=\"alignleft size-full is-resized\"><img loading=\"lazy\" decoding=\"async\" src=\"http:\/\/s-dagueneau-filles.fr\/wp-content\/uploads\/2021\/04\/Vignobles_Tradition.png\" alt=\"\" class=\"wp-image-377\" width=\"84\" height=\"360\" srcset=\"http:\/\/s-dagueneau-filles.fr\/wp-content\/uploads\/2021\/04\/Vignobles_Tradition.png 168w, http:\/\/s-dagueneau-filles.fr\/wp-content\/uploads\/2021\/04\/Vignobles_Tradition-70x300.png 70w\" sizes=\"auto, (max-width: 84px) 100vw, 84px\" \/><\/figure><\/div>\n\n\n\n<p class=\"drop-cap\">Our Domaine is mostly located on <strong>kimmeridgian marl<\/strong> soils, also known as &#8220;Terres Blanches&#8221; (chalky soil), a hint of Barrois limestone and a <strong>small but precious vein of flint<\/strong>: beautiful soils which are expressed and revealed in our different cuv\u00e9es. <\/p>\n\n\n\n<p>The average age of our Sauvignon vines is 40 years-old (Pouilly-Fum\u00e9) and more than a hundred years-old for our Chasselas vines (Pouilly-sur-Loire).<\/p>\n\n\n\n<p>A great wine is first and foremost conceived in the intrinsic quality of the grapes. This is why we care for and respect our soils by bringing constant care to each and every plant.<\/p>\n\n\n\n<p>Our <strong>reasoned and committed practices<\/strong> aim to preserve this environmental heritage: <strong>High Environmental Value certification<\/strong> (HEV), ploughing, earthing-up and earthing-down, no chemical weeding, optimal use of biocontrol (e.g. sexual disorientation against grape worms); etc.<\/p>\n<\/div>\n\n\n\n<div class=\"wp-block-column is-layout-flow wp-block-column-is-layout-flow\" style=\"flex-basis:40%\">\n<figure class=\"wp-block-image size-large\"><img loading=\"lazy\" decoding=\"async\" width=\"800\" height=\"480\" src=\"http:\/\/s-dagueneau-filles.fr\/wp-content\/uploads\/2021\/04\/Pouilly_vignes.jpg\" alt=\"\" class=\"wp-image-373\" srcset=\"http:\/\/s-dagueneau-filles.fr\/wp-content\/uploads\/2021\/04\/Pouilly_vignes.jpg 800w, http:\/\/s-dagueneau-filles.fr\/wp-content\/uploads\/2021\/04\/Pouilly_vignes-300x180.jpg 300w\" sizes=\"auto, (max-width: 800px) 100vw, 800px\" \/><\/figure>\n\n\n\n<figure class=\"wp-block-image size-large\"><img loading=\"lazy\" decoding=\"async\" width=\"800\" height=\"220\" src=\"http:\/\/s-dagueneau-filles.fr\/wp-content\/uploads\/2021\/04\/Pouilly_marnes.jpg\" alt=\"\" class=\"wp-image-372\" srcset=\"http:\/\/s-dagueneau-filles.fr\/wp-content\/uploads\/2021\/04\/Pouilly_marnes.jpg 800w, http:\/\/s-dagueneau-filles.fr\/wp-content\/uploads\/2021\/04\/Pouilly_marnes-300x83.jpg 300w\" sizes=\"auto, (max-width: 800px) 100vw, 800px\" \/><\/figure>\n\n\n\n<div class=\"wp-block-file aligncenter\"><a href=\"http:\/\/s-dagueneau-filles.fr\/wp-content\/uploads\/2021\/04\/DAGUENEAU_CARTE_VIGNOBLE_POUILLY_site.pdf\" class=\"wp-block-file__button\" download><strong>Download<\/strong><br>MAP OF THE WINE REGION<\/a><\/div>\n<\/div>\n<\/div>\n\n\n\n<hr class=\"wp-block-separator\"\/>\n\n\n\n<div class=\"wp-block-columns is-layout-flex wp-container-core-columns-is-layout-9d6595d7 wp-block-columns-is-layout-flex\">\n<div class=\"wp-block-column is-layout-flow wp-block-column-is-layout-flow\" style=\"flex-basis:60%\">\n<h1 class=\"has-text-align-center wp-block-heading\" id=\"charite\">On the road to&nbsp;Saint-Jacques <br><small>de&nbsp;Compostela<\/small><\/h1>\n<\/div>\n\n\n\n<div class=\"wp-block-column is-layout-flow wp-block-column-is-layout-flow\" style=\"flex-basis:40%\"><\/div>\n<\/div>\n\n\n\n<h2 class=\"wp-block-heading\"><span style=\"color:#899D3D\" class=\"color\">C\u00d4TES DE LA CHARIT\u00c9 <small>&#8211; 7.3 acres \/ 3 ha<\/small><\/span><\/h2>\n\n\n\n<div class=\"wp-block-columns is-layout-flex wp-container-core-columns-is-layout-9d6595d7 wp-block-columns-is-layout-flex\">\n<div class=\"wp-block-column is-layout-flow wp-block-column-is-layout-flow\" style=\"flex-basis:60%\">\n<div class=\"wp-block-image\"><figure class=\"alignleft size-full is-resized\"><img loading=\"lazy\" decoding=\"async\" src=\"http:\/\/s-dagueneau-filles.fr\/wp-content\/uploads\/2021\/04\/Vignobles_Pinot_Noir.png\" alt=\"\" class=\"wp-image-376\" width=\"84\" height=\"360\" srcset=\"http:\/\/s-dagueneau-filles.fr\/wp-content\/uploads\/2021\/04\/Vignobles_Pinot_Noir.png 168w, http:\/\/s-dagueneau-filles.fr\/wp-content\/uploads\/2021\/04\/Vignobles_Pinot_Noir-70x300.png 70w\" sizes=\"auto, (max-width: 84px) 100vw, 84px\" \/><\/figure><\/div>\n\n\n\n<p class=\"drop-cap\">Discover our C\u00f4tes de La Charit\u00e9 and travel between Burgundy and the Loire. In the Middle-Ages, a vast wine region cultivated by Cluniac monks spanned from La Charit\u00e9-sur-Loire to Nevers: the <strong>C\u00f4tes de La Charit\u00e9<\/strong>. Victim of the phylloxera epidemic, the vineyards were reduced to a handful but today, thanks to passionate winemakers, this wine region is being revived. It is now listed IGP (Protected Geographical Indication) and totals 123.5 acres\/50 hectares. <\/p>\n\n\n\n<p>Exposed south, south-east and surrounded by the Bertranges forest, our plots are located on the Mont\u00e9es de Saint-Lay. The subtly ferruginous limestone-clay soil allows us to work with different grape varieties for our <strong>whites<\/strong> (Chardonnay, Pinot Beurrot), our <strong>red<\/strong> (Pinot Noir) and <strong>ros\u00e9<\/strong> (Pinot Noir). A palette of flavors to discover!<\/p>\n<\/div>\n\n\n\n<div class=\"wp-block-column is-layout-flow wp-block-column-is-layout-flow\" style=\"flex-basis:40%\">\n<figure class=\"wp-block-image size-large\"><img loading=\"lazy\" decoding=\"async\" width=\"800\" height=\"420\" src=\"http:\/\/s-dagueneau-filles.fr\/wp-content\/uploads\/2021\/04\/St_Lay_vigne.jpg\" alt=\"\" class=\"wp-image-375\" srcset=\"http:\/\/s-dagueneau-filles.fr\/wp-content\/uploads\/2021\/04\/St_Lay_vigne.jpg 800w, http:\/\/s-dagueneau-filles.fr\/wp-content\/uploads\/2021\/04\/St_Lay_vigne-300x158.jpg 300w\" sizes=\"auto, (max-width: 800px) 100vw, 800px\" \/><\/figure>\n\n\n\n<figure class=\"wp-block-image size-large\"><img loading=\"lazy\" decoding=\"async\" width=\"800\" height=\"280\" src=\"http:\/\/s-dagueneau-filles.fr\/wp-content\/uploads\/2021\/04\/St_Lay_la_charite.jpg\" alt=\"\" class=\"wp-image-374\" srcset=\"http:\/\/s-dagueneau-filles.fr\/wp-content\/uploads\/2021\/04\/St_Lay_la_charite.jpg 800w, http:\/\/s-dagueneau-filles.fr\/wp-content\/uploads\/2021\/04\/St_Lay_la_charite-300x105.jpg 300w\" sizes=\"auto, (max-width: 800px) 100vw, 800px\" \/><\/figure>\n\n\n\n<div class=\"wp-block-file aligncenter\"><a href=\"http:\/\/s-dagueneau-filles.fr\/wp-content\/uploads\/2021\/04\/Carte_vignoble_cote_Charite.pdf\" class=\"wp-block-file__button\" download><strong>Download<\/strong><br>MAP OF THE WINE REGION<\/a><\/div>\n<\/div>\n<\/div>\n","protected":false},"excerpt":{"rendered":"<p>POUILLY FUM\u00c9 &#8211; 44.5 acres \/ 18 haPOUILLY-SUR-LOIRE &#8211; 1.5 acres \/ 0.6 ha Our Domaine is mostly located on kimmeridgian marl soils, also known as &#8220;Terres Blanches&#8221; (chalky soil), a hint of Barrois limestone and a small but precious vein of flint: beautiful soils which are expressed and revealed in our different cuv\u00e9es. The <a href=\"http:\/\/s-dagueneau-filles.fr\/en\/the-lands-of-pouilly\/\" class=\"more-link\">&#8230;<\/a><\/p>\n","protected":false},"author":1,"featured_media":386,"parent":0,"menu_order":0,"comment_status":"closed","ping_status":"closed","template":"","meta":{"footnotes":""},"class_list":["post-351","page","type-page","status-publish","has-post-thumbnail","hentry"],"yoast_head":"<!-- This site is optimized with the Yoast SEO plugin v24.9 - https:\/\/yoast.com\/wordpress\/plugins\/seo\/ -->\n<title>The lands of&nbsp;Pouilly - Domaine Serge Dagueneau &amp; Filles<\/title>\n<meta name=\"robots\" content=\"index, follow, max-snippet:-1, max-image-preview:large, max-video-preview:-1\" \/>\n<link rel=\"canonical\" href=\"http:\/\/s-dagueneau-filles.fr\/en\/the-lands-of-pouilly\/\" \/>\n<meta property=\"og:locale\" content=\"en_US\" \/>\n<meta property=\"og:type\" content=\"article\" \/>\n<meta property=\"og:title\" content=\"The lands of&nbsp;Pouilly - Domaine Serge Dagueneau &amp; Filles\" \/>\n<meta property=\"og:description\" content=\"POUILLY FUM\u00c9 &#8211; 44.5 acres \/ 18 haPOUILLY-SUR-LOIRE &#8211; 1.5 acres \/ 0.6 ha Our Domaine is mostly located on kimmeridgian marl soils, also known as &#8220;Terres Blanches&#8221; (chalky soil), a hint of Barrois limestone and a small but precious vein of flint: beautiful soils which are expressed and revealed in our different cuv\u00e9es. The ...\" \/>\n<meta property=\"og:url\" content=\"http:\/\/s-dagueneau-filles.fr\/en\/the-lands-of-pouilly\/\" \/>\n<meta property=\"og:site_name\" content=\"Domaine Serge Dagueneau &amp; Filles\" \/>\n<meta property=\"article:publisher\" content=\"https:\/\/facebook.com\/serge.dagueneau\" \/>\n<meta property=\"article:modified_time\" content=\"2021-06-20T13:09:09+00:00\" \/>\n<meta property=\"og:image\" content=\"http:\/\/s-dagueneau-filles.fr\/wp-content\/uploads\/2021\/04\/Vignobles_1_principal.jpg\" \/>\n\t<meta property=\"og:image:width\" content=\"2280\" \/>\n\t<meta property=\"og:image:height\" content=\"1096\" \/>\n\t<meta property=\"og:image:type\" content=\"image\/jpeg\" \/>\n<meta name=\"twitter:card\" content=\"summary_large_image\" \/>\n<meta name=\"twitter:label1\" content=\"Est. reading time\" \/>\n\t<meta name=\"twitter:data1\" content=\"1 minute\" \/>\n<script type=\"application\/ld+json\" class=\"yoast-schema-graph\">{\"@context\":\"https:\/\/schema.org\",\"@graph\":[{\"@type\":\"WebPage\",\"@id\":\"http:\/\/s-dagueneau-filles.fr\/en\/the-lands-of-pouilly\/\",\"url\":\"http:\/\/s-dagueneau-filles.fr\/en\/the-lands-of-pouilly\/\",\"name\":\"The lands of&nbsp;Pouilly - Domaine Serge Dagueneau &amp; Filles\",\"isPartOf\":{\"@id\":\"http:\/\/s-dagueneau-filles.fr\/fr\/#website\"},\"primaryImageOfPage\":{\"@id\":\"http:\/\/s-dagueneau-filles.fr\/en\/the-lands-of-pouilly\/#primaryimage\"},\"image\":{\"@id\":\"http:\/\/s-dagueneau-filles.fr\/en\/the-lands-of-pouilly\/#primaryimage\"},\"thumbnailUrl\":\"http:\/\/s-dagueneau-filles.fr\/wp-content\/uploads\/2021\/04\/Vignobles_1_principal.jpg\",\"datePublished\":\"2021-05-17T19:53:18+00:00\",\"dateModified\":\"2021-06-20T13:09:09+00:00\",\"breadcrumb\":{\"@id\":\"http:\/\/s-dagueneau-filles.fr\/en\/the-lands-of-pouilly\/#breadcrumb\"},\"inLanguage\":\"en-US\",\"potentialAction\":[{\"@type\":\"ReadAction\",\"target\":[\"http:\/\/s-dagueneau-filles.fr\/en\/the-lands-of-pouilly\/\"]}]},{\"@type\":\"ImageObject\",\"inLanguage\":\"en-US\",\"@id\":\"http:\/\/s-dagueneau-filles.fr\/en\/the-lands-of-pouilly\/#primaryimage\",\"url\":\"http:\/\/s-dagueneau-filles.fr\/wp-content\/uploads\/2021\/04\/Vignobles_1_principal.jpg\",\"contentUrl\":\"http:\/\/s-dagueneau-filles.fr\/wp-content\/uploads\/2021\/04\/Vignobles_1_principal.jpg\",\"width\":2280,\"height\":1096},{\"@type\":\"BreadcrumbList\",\"@id\":\"http:\/\/s-dagueneau-filles.fr\/en\/the-lands-of-pouilly\/#breadcrumb\",\"itemListElement\":[{\"@type\":\"ListItem\",\"position\":1,\"name\":\"Home\",\"item\":\"http:\/\/s-dagueneau-filles.fr\/en\/pouilly-fume\/\"},{\"@type\":\"ListItem\",\"position\":2,\"name\":\"The lands of&nbsp;Pouilly\"}]},{\"@type\":\"WebSite\",\"@id\":\"http:\/\/s-dagueneau-filles.fr\/fr\/#website\",\"url\":\"http:\/\/s-dagueneau-filles.fr\/fr\/\",\"name\":\"Domaine Serge Dagueneau &amp; Filles\",\"description\":\"Pouilly Fum\u00e9\",\"publisher\":{\"@id\":\"http:\/\/s-dagueneau-filles.fr\/fr\/#organization\"},\"potentialAction\":[{\"@type\":\"SearchAction\",\"target\":{\"@type\":\"EntryPoint\",\"urlTemplate\":\"http:\/\/s-dagueneau-filles.fr\/fr\/?s={search_term_string}\"},\"query-input\":{\"@type\":\"PropertyValueSpecification\",\"valueRequired\":true,\"valueName\":\"search_term_string\"}}],\"inLanguage\":\"en-US\"},{\"@type\":\"Organization\",\"@id\":\"http:\/\/s-dagueneau-filles.fr\/fr\/#organization\",\"name\":\"Domaine Serge Dagueneau & Filles\",\"url\":\"http:\/\/s-dagueneau-filles.fr\/fr\/\",\"logo\":{\"@type\":\"ImageObject\",\"inLanguage\":\"en-US\",\"@id\":\"http:\/\/s-dagueneau-filles.fr\/fr\/#\/schema\/logo\/image\/\",\"url\":\"http:\/\/s-dagueneau-filles.fr\/wp-content\/uploads\/2021\/04\/Logo_Serge_Dagueneau.png\",\"contentUrl\":\"http:\/\/s-dagueneau-filles.fr\/wp-content\/uploads\/2021\/04\/Logo_Serge_Dagueneau.png\",\"width\":801,\"height\":315,\"caption\":\"Domaine Serge Dagueneau & Filles\"},\"image\":{\"@id\":\"http:\/\/s-dagueneau-filles.fr\/fr\/#\/schema\/logo\/image\/\"},\"sameAs\":[\"https:\/\/facebook.com\/serge.dagueneau\",\"https:\/\/www.instagram.com\/dagueneau_et_filles\"]}]}<\/script>\n<!-- \/ Yoast SEO plugin. -->","yoast_head_json":{"title":"The lands of&nbsp;Pouilly - Domaine Serge Dagueneau &amp; Filles","robots":{"index":"index","follow":"follow","max-snippet":"max-snippet:-1","max-image-preview":"max-image-preview:large","max-video-preview":"max-video-preview:-1"},"canonical":"http:\/\/s-dagueneau-filles.fr\/en\/the-lands-of-pouilly\/","og_locale":"en_US","og_type":"article","og_title":"The lands of&nbsp;Pouilly - Domaine Serge Dagueneau &amp; Filles","og_description":"POUILLY FUM\u00c9 &#8211; 44.5 acres \/ 18 haPOUILLY-SUR-LOIRE &#8211; 1.5 acres \/ 0.6 ha Our Domaine is mostly located on kimmeridgian marl soils, also known as &#8220;Terres Blanches&#8221; (chalky soil), a hint of Barrois limestone and a small but precious vein of flint: beautiful soils which are expressed and revealed in our different cuv\u00e9es. The ...","og_url":"http:\/\/s-dagueneau-filles.fr\/en\/the-lands-of-pouilly\/","og_site_name":"Domaine Serge Dagueneau &amp; Filles","article_publisher":"https:\/\/facebook.com\/serge.dagueneau","article_modified_time":"2021-06-20T13:09:09+00:00","og_image":[{"width":2280,"height":1096,"url":"http:\/\/s-dagueneau-filles.fr\/wp-content\/uploads\/2021\/04\/Vignobles_1_principal.jpg","type":"image\/jpeg"}],"twitter_card":"summary_large_image","twitter_misc":{"Est. reading time":"1 minute"},"schema":{"@context":"https:\/\/schema.org","@graph":[{"@type":"WebPage","@id":"http:\/\/s-dagueneau-filles.fr\/en\/the-lands-of-pouilly\/","url":"http:\/\/s-dagueneau-filles.fr\/en\/the-lands-of-pouilly\/","name":"The lands of&nbsp;Pouilly - Domaine Serge Dagueneau &amp; Filles","isPartOf":{"@id":"http:\/\/s-dagueneau-filles.fr\/fr\/#website"},"primaryImageOfPage":{"@id":"http:\/\/s-dagueneau-filles.fr\/en\/the-lands-of-pouilly\/#primaryimage"},"image":{"@id":"http:\/\/s-dagueneau-filles.fr\/en\/the-lands-of-pouilly\/#primaryimage"},"thumbnailUrl":"http:\/\/s-dagueneau-filles.fr\/wp-content\/uploads\/2021\/04\/Vignobles_1_principal.jpg","datePublished":"2021-05-17T19:53:18+00:00","dateModified":"2021-06-20T13:09:09+00:00","breadcrumb":{"@id":"http:\/\/s-dagueneau-filles.fr\/en\/the-lands-of-pouilly\/#breadcrumb"},"inLanguage":"en-US","potentialAction":[{"@type":"ReadAction","target":["http:\/\/s-dagueneau-filles.fr\/en\/the-lands-of-pouilly\/"]}]},{"@type":"ImageObject","inLanguage":"en-US","@id":"http:\/\/s-dagueneau-filles.fr\/en\/the-lands-of-pouilly\/#primaryimage","url":"http:\/\/s-dagueneau-filles.fr\/wp-content\/uploads\/2021\/04\/Vignobles_1_principal.jpg","contentUrl":"http:\/\/s-dagueneau-filles.fr\/wp-content\/uploads\/2021\/04\/Vignobles_1_principal.jpg","width":2280,"height":1096},{"@type":"BreadcrumbList","@id":"http:\/\/s-dagueneau-filles.fr\/en\/the-lands-of-pouilly\/#breadcrumb","itemListElement":[{"@type":"ListItem","position":1,"name":"Home","item":"http:\/\/s-dagueneau-filles.fr\/en\/pouilly-fume\/"},{"@type":"ListItem","position":2,"name":"The lands of&nbsp;Pouilly"}]},{"@type":"WebSite","@id":"http:\/\/s-dagueneau-filles.fr\/fr\/#website","url":"http:\/\/s-dagueneau-filles.fr\/fr\/","name":"Domaine Serge Dagueneau &amp; Filles","description":"Pouilly Fum\u00e9","publisher":{"@id":"http:\/\/s-dagueneau-filles.fr\/fr\/#organization"},"potentialAction":[{"@type":"SearchAction","target":{"@type":"EntryPoint","urlTemplate":"http:\/\/s-dagueneau-filles.fr\/fr\/?s={search_term_string}"},"query-input":{"@type":"PropertyValueSpecification","valueRequired":true,"valueName":"search_term_string"}}],"inLanguage":"en-US"},{"@type":"Organization","@id":"http:\/\/s-dagueneau-filles.fr\/fr\/#organization","name":"Domaine Serge Dagueneau & Filles","url":"http:\/\/s-dagueneau-filles.fr\/fr\/","logo":{"@type":"ImageObject","inLanguage":"en-US","@id":"http:\/\/s-dagueneau-filles.fr\/fr\/#\/schema\/logo\/image\/","url":"http:\/\/s-dagueneau-filles.fr\/wp-content\/uploads\/2021\/04\/Logo_Serge_Dagueneau.png","contentUrl":"http:\/\/s-dagueneau-filles.fr\/wp-content\/uploads\/2021\/04\/Logo_Serge_Dagueneau.png","width":801,"height":315,"caption":"Domaine Serge Dagueneau & Filles"},"image":{"@id":"http:\/\/s-dagueneau-filles.fr\/fr\/#\/schema\/logo\/image\/"},"sameAs":["https:\/\/facebook.com\/serge.dagueneau","https:\/\/www.instagram.com\/dagueneau_et_filles"]}]}},"_links":{"self":[{"href":"http:\/\/s-dagueneau-filles.fr\/en\/wp-json\/wp\/v2\/pages\/351","targetHints":{"allow":["GET"]}}],"collection":[{"href":"http:\/\/s-dagueneau-filles.fr\/en\/wp-json\/wp\/v2\/pages"}],"about":[{"href":"http:\/\/s-dagueneau-filles.fr\/en\/wp-json\/wp\/v2\/types\/page"}],"author":[{"embeddable":true,"href":"http:\/\/s-dagueneau-filles.fr\/en\/wp-json\/wp\/v2\/users\/1"}],"replies":[{"embeddable":true,"href":"http:\/\/s-dagueneau-filles.fr\/en\/wp-json\/wp\/v2\/comments?post=351"}],"version-history":[{"count":7,"href":"http:\/\/s-dagueneau-filles.fr\/en\/wp-json\/wp\/v2\/pages\/351\/revisions"}],"predecessor-version":[{"id":596,"href":"http:\/\/s-dagueneau-filles.fr\/en\/wp-json\/wp\/v2\/pages\/351\/revisions\/596"}],"wp:featuredmedia":[{"embeddable":true,"href":"http:\/\/s-dagueneau-filles.fr\/en\/wp-json\/wp\/v2\/media\/386"}],"wp:attachment":[{"href":"http:\/\/s-dagueneau-filles.fr\/en\/wp-json\/wp\/v2\/media?parent=351"}],"curies":[{"name":"wp","href":"https:\/\/api.w.org\/{rel}","templated":true}]}}