{"id":347,"date":"2021-05-17T21:39:44","date_gmt":"2021-05-17T19:39:44","guid":{"rendered":"http:\/\/s-dagueneau-filles.fr\/?page_id=347"},"modified":"2021-06-19T22:33:22","modified_gmt":"2021-06-19T20:33:22","slug":"from-generation-to-generation","status":"publish","type":"page","link":"http:\/\/s-dagueneau-filles.fr\/en\/from-generation-to-generation\/","title":{"rendered":"From generation<br>&nbsp;&nbsp;&nbsp;&nbsp;&nbsp;&nbsp;to generation\u2026"},"content":{"rendered":"\n<div class=\"wp-block-columns is-layout-flex wp-container-core-columns-is-layout-9d6595d7 wp-block-columns-is-layout-flex\">\n<div class=\"wp-block-column is-layout-flow wp-block-column-is-layout-flow\">\n<figure class=\"wp-block-image size-large\"><img loading=\"lazy\" decoding=\"async\" width=\"940\" height=\"940\" src=\"http:\/\/s-dagueneau-filles.fr\/wp-content\/uploads\/2021\/04\/Valerie_Famille.jpg\" alt=\"\" class=\"wp-image-369\" srcset=\"http:\/\/s-dagueneau-filles.fr\/wp-content\/uploads\/2021\/04\/Valerie_Famille.jpg 940w, http:\/\/s-dagueneau-filles.fr\/wp-content\/uploads\/2021\/04\/Valerie_Famille-300x300.jpg 300w, http:\/\/s-dagueneau-filles.fr\/wp-content\/uploads\/2021\/04\/Valerie_Famille-150x150.jpg 150w\" sizes=\"auto, (max-width: 940px) 100vw, 940px\" \/><\/figure>\n<\/div>\n\n\n\n<div class=\"wp-block-column is-layout-flow wp-block-column-is-layout-flow\">\n<p class=\"h2-top\">2000s<\/p>\n\n\n\n<h2 class=\"wp-block-heading\">Val\u00e9rie<\/h2>\n\n\n\n<p>A worthy great grand-daughter!<\/p>\n\n\n\n<p>Raised on Pouilly-Fum\u00e9, Val\u00e9rie became passionate about winemaking very quickly. Right after earning her viticultural degree, she leaves for the US for a season&#8217;s harvest and returns to France a year later with lots of new ideas. After initially taking over the winery with her sister, she has been on her own since 2010.<\/p>\n\n\n\n<p>Her philosophy: a relentless search for quality.<\/p>\n\n\n\n<p>Val\u00e9rie has earned recognition for her work through the numerous awards she has won for her wines over the years as well as for her work in the vineyards which she particularly enjoys, achieving the \u201dHigh Environmental Value\u201d certification (HEV) since 2019.<\/p>\n<\/div>\n<\/div>\n\n\n\n<div class=\"wp-block-columns is-layout-flex wp-container-core-columns-is-layout-9d6595d7 wp-block-columns-is-layout-flex\">\n<div class=\"wp-block-column is-layout-flow wp-block-column-is-layout-flow\">\n<p class=\"h2-top\">1990s<\/p>\n\n\n\n<h2 class=\"wp-block-heading\">The Daughters<\/h2>\n\n\n\n<p>Complementarity<\/p>\n\n\n\n<p>\u201cThe girls\u201d (Florence and Val\u00e9rie) cultivate the experience and know-how passed on to them by their father Serge. Two girls doing traditional men&#8217;s work! But Serge can rest assured, the work is \u201dexcellently done!\u201d. Sadly, Flo left us in 2010, taken by an illness. She left us orphans of her smile, her gentleness and kindness. The \u201dspirit of Flo\u201d will forever flow in our glasses\u2026<\/p>\n<\/div>\n\n\n\n<div class=\"wp-block-column is-layout-flow wp-block-column-is-layout-flow\">\n<figure class=\"wp-block-image size-large\"><img loading=\"lazy\" decoding=\"async\" width=\"940\" height=\"940\" src=\"http:\/\/s-dagueneau-filles.fr\/wp-content\/uploads\/2021\/04\/Valerie_Flo_Famille.jpg\" alt=\"\" class=\"wp-image-370\" srcset=\"http:\/\/s-dagueneau-filles.fr\/wp-content\/uploads\/2021\/04\/Valerie_Flo_Famille.jpg 940w, http:\/\/s-dagueneau-filles.fr\/wp-content\/uploads\/2021\/04\/Valerie_Flo_Famille-300x300.jpg 300w, http:\/\/s-dagueneau-filles.fr\/wp-content\/uploads\/2021\/04\/Valerie_Flo_Famille-150x150.jpg 150w\" sizes=\"auto, (max-width: 940px) 100vw, 940px\" \/><\/figure>\n<\/div>\n<\/div>\n\n\n\n<div class=\"wp-block-columns is-layout-flex wp-container-core-columns-is-layout-9d6595d7 wp-block-columns-is-layout-flex\">\n<div class=\"wp-block-column is-layout-flow wp-block-column-is-layout-flow\">\n<figure class=\"wp-block-image size-large\"><img loading=\"lazy\" decoding=\"async\" width=\"940\" height=\"940\" src=\"http:\/\/s-dagueneau-filles.fr\/wp-content\/uploads\/2021\/04\/Serge_Famille.jpg\" alt=\"\" class=\"wp-image-368\" srcset=\"http:\/\/s-dagueneau-filles.fr\/wp-content\/uploads\/2021\/04\/Serge_Famille.jpg 940w, http:\/\/s-dagueneau-filles.fr\/wp-content\/uploads\/2021\/04\/Serge_Famille-300x300.jpg 300w, http:\/\/s-dagueneau-filles.fr\/wp-content\/uploads\/2021\/04\/Serge_Famille-150x150.jpg 150w\" sizes=\"auto, (max-width: 940px) 100vw, 940px\" \/><\/figure>\n<\/div>\n\n\n\n<div class=\"wp-block-column is-layout-flow wp-block-column-is-layout-flow\">\n<p class=\"h2-top\">1970s<\/p>\n\n\n\n<h2 class=\"wp-block-heading\">Serge<\/h2>\n\n\n\n<p>Forerunner and perfectionist<\/p>\n\n\n\n<p>Serge is a young man when he finds himself at the head of the Domaine in 1971. Involved in everything and a born perfectionist, he is interested in the progress made in the agricultural world and the new machinery with which he equips his winery in 1987, notably thermo-regulated tanks. Thanks to him, the winery adopts new techniques and takes on another dimension.<\/p>\n<\/div>\n<\/div>\n\n\n\n<div class=\"wp-block-columns is-layout-flex wp-container-core-columns-is-layout-9d6595d7 wp-block-columns-is-layout-flex\">\n<div class=\"wp-block-column is-layout-flow wp-block-column-is-layout-flow\">\n<p class=\"h2-top\">1950s<\/p>\n\n\n\n<h2 class=\"wp-block-heading\">\u00c9mile<\/h2>\n\n\n\n<p>Generosity<\/p>\n\n\n\n<p>Calm and generous, \u00c9mile adapted to the beginnings of mechanization and transformed his poly-cultural exploitation to a monocultural one (12.4 acres\/5 hectares of vineyards in 1950). As he dedicates himself to winemaking, his wife Maria develops in-bottle sales for France and exports.<\/p>\n<\/div>\n\n\n\n<div class=\"wp-block-column is-layout-flow wp-block-column-is-layout-flow\">\n<figure class=\"wp-block-image size-large\"><img loading=\"lazy\" decoding=\"async\" width=\"940\" height=\"940\" src=\"http:\/\/s-dagueneau-filles.fr\/wp-content\/uploads\/2021\/04\/Emile_Famille.jpg\" alt=\"\" class=\"wp-image-371\" srcset=\"http:\/\/s-dagueneau-filles.fr\/wp-content\/uploads\/2021\/04\/Emile_Famille.jpg 940w, http:\/\/s-dagueneau-filles.fr\/wp-content\/uploads\/2021\/04\/Emile_Famille-300x300.jpg 300w, http:\/\/s-dagueneau-filles.fr\/wp-content\/uploads\/2021\/04\/Emile_Famille-150x150.jpg 150w\" sizes=\"auto, (max-width: 940px) 100vw, 940px\" \/><\/figure>\n<\/div>\n<\/div>\n\n\n\n<div class=\"wp-block-columns is-layout-flex wp-container-core-columns-is-layout-9d6595d7 wp-block-columns-is-layout-flex\">\n<div class=\"wp-block-column is-layout-flow wp-block-column-is-layout-flow\">\n<figure class=\"wp-block-image size-large\"><img loading=\"lazy\" decoding=\"async\" width=\"940\" height=\"940\" src=\"http:\/\/s-dagueneau-filles.fr\/wp-content\/uploads\/2021\/04\/Leontine_Famille_.jpg\" alt=\"\" class=\"wp-image-367\" srcset=\"http:\/\/s-dagueneau-filles.fr\/wp-content\/uploads\/2021\/04\/Leontine_Famille_.jpg 940w, http:\/\/s-dagueneau-filles.fr\/wp-content\/uploads\/2021\/04\/Leontine_Famille_-300x300.jpg 300w, http:\/\/s-dagueneau-filles.fr\/wp-content\/uploads\/2021\/04\/Leontine_Famille_-150x150.jpg 150w\" sizes=\"auto, (max-width: 940px) 100vw, 940px\" \/><\/figure>\n<\/div>\n\n\n\n<div class=\"wp-block-column is-layout-flow wp-block-column-is-layout-flow\">\n<p class=\"h2-top\">1920s<\/p>\n\n\n\n<h2 class=\"wp-block-heading\">La L\u00e9ontine<\/h2>\n\n\n\n<p>A true winemaker!<\/p>\n\n\n\n<p>With strength and courage, La L\u00e9ontine lived through wars, widowhood and the harshness of working the land. Nothing deterred her determination to care for her 5 acres\/2 hectares of vineyards and goats. She passed on her passion for honest hard work to her sons Louis and \u00c9mile, and very early to her grandson Serge. The work had to be \u201dexcellently done!\u201c.<\/p>\n<\/div>\n<\/div>\n","protected":false},"excerpt":{"rendered":"<p>2000s Val\u00e9rie A worthy great grand-daughter! Raised on Pouilly-Fum\u00e9, Val\u00e9rie became passionate about winemaking very quickly. Right after earning her viticultural degree, she leaves for the US for a season&#8217;s harvest and returns to France a year later with lots of new ideas. After initially taking over the winery with her sister, she has been <a href=\"http:\/\/s-dagueneau-filles.fr\/en\/from-generation-to-generation\/\" class=\"more-link\">&#8230;<\/a><\/p>\n","protected":false},"author":1,"featured_media":383,"parent":0,"menu_order":0,"comment_status":"closed","ping_status":"closed","template":"","meta":{"footnotes":""},"class_list":["post-347","page","type-page","status-publish","has-post-thumbnail","hentry"],"yoast_head":"<!-- This site is optimized with the Yoast SEO plugin v24.9 - https:\/\/yoast.com\/wordpress\/plugins\/seo\/ -->\n<title>From generation&nbsp;&nbsp;&nbsp;&nbsp;&nbsp;&nbsp;to generation\u2026 - Domaine Serge Dagueneau &amp; Filles<\/title>\n<meta name=\"robots\" content=\"index, follow, max-snippet:-1, max-image-preview:large, max-video-preview:-1\" \/>\n<link rel=\"canonical\" href=\"http:\/\/s-dagueneau-filles.fr\/en\/from-generation-to-generation\/\" \/>\n<meta property=\"og:locale\" content=\"en_US\" \/>\n<meta property=\"og:type\" content=\"article\" \/>\n<meta property=\"og:title\" content=\"From generation&nbsp;&nbsp;&nbsp;&nbsp;&nbsp;&nbsp;to generation\u2026 - Domaine Serge Dagueneau &amp; Filles\" \/>\n<meta property=\"og:description\" content=\"2000s Val\u00e9rie A worthy great grand-daughter! Raised on Pouilly-Fum\u00e9, Val\u00e9rie became passionate about winemaking very quickly. Right after earning her viticultural degree, she leaves for the US for a season&#8217;s harvest and returns to France a year later with lots of new ideas. After initially taking over the winery with her sister, she has been ...\" \/>\n<meta property=\"og:url\" content=\"http:\/\/s-dagueneau-filles.fr\/en\/from-generation-to-generation\/\" \/>\n<meta property=\"og:site_name\" content=\"Domaine Serge Dagueneau &amp; Filles\" \/>\n<meta property=\"article:publisher\" content=\"https:\/\/facebook.com\/serge.dagueneau\" \/>\n<meta property=\"article:modified_time\" content=\"2021-06-19T20:33:22+00:00\" \/>\n<meta property=\"og:image\" content=\"http:\/\/s-dagueneau-filles.fr\/wp-content\/uploads\/2021\/04\/Famille_1_principale.jpg\" \/>\n\t<meta property=\"og:image:width\" content=\"2280\" \/>\n\t<meta property=\"og:image:height\" content=\"1096\" \/>\n\t<meta property=\"og:image:type\" content=\"image\/jpeg\" \/>\n<meta name=\"twitter:card\" content=\"summary_large_image\" \/>\n<meta name=\"twitter:label1\" content=\"Est. reading time\" \/>\n\t<meta name=\"twitter:data1\" content=\"2 minutes\" \/>\n<script type=\"application\/ld+json\" class=\"yoast-schema-graph\">{\"@context\":\"https:\/\/schema.org\",\"@graph\":[{\"@type\":\"WebPage\",\"@id\":\"http:\/\/s-dagueneau-filles.fr\/en\/from-generation-to-generation\/\",\"url\":\"http:\/\/s-dagueneau-filles.fr\/en\/from-generation-to-generation\/\",\"name\":\"From generation &nbsp;&nbsp;&nbsp;&nbsp;&nbsp;&nbsp;to generation\u2026 - Domaine Serge Dagueneau &amp; Filles\",\"isPartOf\":{\"@id\":\"http:\/\/s-dagueneau-filles.fr\/fr\/#website\"},\"primaryImageOfPage\":{\"@id\":\"http:\/\/s-dagueneau-filles.fr\/en\/from-generation-to-generation\/#primaryimage\"},\"image\":{\"@id\":\"http:\/\/s-dagueneau-filles.fr\/en\/from-generation-to-generation\/#primaryimage\"},\"thumbnailUrl\":\"http:\/\/s-dagueneau-filles.fr\/wp-content\/uploads\/2021\/04\/Famille_1_principale.jpg\",\"datePublished\":\"2021-05-17T19:39:44+00:00\",\"dateModified\":\"2021-06-19T20:33:22+00:00\",\"breadcrumb\":{\"@id\":\"http:\/\/s-dagueneau-filles.fr\/en\/from-generation-to-generation\/#breadcrumb\"},\"inLanguage\":\"en-US\",\"potentialAction\":[{\"@type\":\"ReadAction\",\"target\":[\"http:\/\/s-dagueneau-filles.fr\/en\/from-generation-to-generation\/\"]}]},{\"@type\":\"ImageObject\",\"inLanguage\":\"en-US\",\"@id\":\"http:\/\/s-dagueneau-filles.fr\/en\/from-generation-to-generation\/#primaryimage\",\"url\":\"http:\/\/s-dagueneau-filles.fr\/wp-content\/uploads\/2021\/04\/Famille_1_principale.jpg\",\"contentUrl\":\"http:\/\/s-dagueneau-filles.fr\/wp-content\/uploads\/2021\/04\/Famille_1_principale.jpg\",\"width\":2280,\"height\":1096,\"caption\":\"Photo Christophe Masson Estivit\u00e9s La Ni\u00e8vre, je l'aime avec Val\u00e9rie Dagueneau, viticultrice, grande bailly au domaine des Berthiers Serge Dagueneau et filles \u00e0 Saint-Andelain\"},{\"@type\":\"BreadcrumbList\",\"@id\":\"http:\/\/s-dagueneau-filles.fr\/en\/from-generation-to-generation\/#breadcrumb\",\"itemListElement\":[{\"@type\":\"ListItem\",\"position\":1,\"name\":\"Home\",\"item\":\"http:\/\/s-dagueneau-filles.fr\/en\/pouilly-fume\/\"},{\"@type\":\"ListItem\",\"position\":2,\"name\":\"From generation&nbsp;&nbsp;&nbsp;&nbsp;&nbsp;&nbsp;to generation\u2026\"}]},{\"@type\":\"WebSite\",\"@id\":\"http:\/\/s-dagueneau-filles.fr\/fr\/#website\",\"url\":\"http:\/\/s-dagueneau-filles.fr\/fr\/\",\"name\":\"Domaine Serge Dagueneau &amp; Filles\",\"description\":\"Pouilly Fum\u00e9\",\"publisher\":{\"@id\":\"http:\/\/s-dagueneau-filles.fr\/fr\/#organization\"},\"potentialAction\":[{\"@type\":\"SearchAction\",\"target\":{\"@type\":\"EntryPoint\",\"urlTemplate\":\"http:\/\/s-dagueneau-filles.fr\/fr\/?s={search_term_string}\"},\"query-input\":{\"@type\":\"PropertyValueSpecification\",\"valueRequired\":true,\"valueName\":\"search_term_string\"}}],\"inLanguage\":\"en-US\"},{\"@type\":\"Organization\",\"@id\":\"http:\/\/s-dagueneau-filles.fr\/fr\/#organization\",\"name\":\"Domaine Serge Dagueneau & Filles\",\"url\":\"http:\/\/s-dagueneau-filles.fr\/fr\/\",\"logo\":{\"@type\":\"ImageObject\",\"inLanguage\":\"en-US\",\"@id\":\"http:\/\/s-dagueneau-filles.fr\/fr\/#\/schema\/logo\/image\/\",\"url\":\"http:\/\/s-dagueneau-filles.fr\/wp-content\/uploads\/2021\/04\/Logo_Serge_Dagueneau.png\",\"contentUrl\":\"http:\/\/s-dagueneau-filles.fr\/wp-content\/uploads\/2021\/04\/Logo_Serge_Dagueneau.png\",\"width\":801,\"height\":315,\"caption\":\"Domaine Serge Dagueneau & Filles\"},\"image\":{\"@id\":\"http:\/\/s-dagueneau-filles.fr\/fr\/#\/schema\/logo\/image\/\"},\"sameAs\":[\"https:\/\/facebook.com\/serge.dagueneau\",\"https:\/\/www.instagram.com\/dagueneau_et_filles\"]}]}<\/script>\n<!-- \/ Yoast SEO plugin. -->","yoast_head_json":{"title":"From generation&nbsp;&nbsp;&nbsp;&nbsp;&nbsp;&nbsp;to generation\u2026 - Domaine Serge Dagueneau &amp; Filles","robots":{"index":"index","follow":"follow","max-snippet":"max-snippet:-1","max-image-preview":"max-image-preview:large","max-video-preview":"max-video-preview:-1"},"canonical":"http:\/\/s-dagueneau-filles.fr\/en\/from-generation-to-generation\/","og_locale":"en_US","og_type":"article","og_title":"From generation&nbsp;&nbsp;&nbsp;&nbsp;&nbsp;&nbsp;to generation\u2026 - Domaine Serge Dagueneau &amp; Filles","og_description":"2000s Val\u00e9rie A worthy great grand-daughter! Raised on Pouilly-Fum\u00e9, Val\u00e9rie became passionate about winemaking very quickly. Right after earning her viticultural degree, she leaves for the US for a season&#8217;s harvest and returns to France a year later with lots of new ideas. After initially taking over the winery with her sister, she has been ...","og_url":"http:\/\/s-dagueneau-filles.fr\/en\/from-generation-to-generation\/","og_site_name":"Domaine Serge Dagueneau &amp; Filles","article_publisher":"https:\/\/facebook.com\/serge.dagueneau","article_modified_time":"2021-06-19T20:33:22+00:00","og_image":[{"width":2280,"height":1096,"url":"http:\/\/s-dagueneau-filles.fr\/wp-content\/uploads\/2021\/04\/Famille_1_principale.jpg","type":"image\/jpeg"}],"twitter_card":"summary_large_image","twitter_misc":{"Est. reading time":"2 minutes"},"schema":{"@context":"https:\/\/schema.org","@graph":[{"@type":"WebPage","@id":"http:\/\/s-dagueneau-filles.fr\/en\/from-generation-to-generation\/","url":"http:\/\/s-dagueneau-filles.fr\/en\/from-generation-to-generation\/","name":"From generation &nbsp;&nbsp;&nbsp;&nbsp;&nbsp;&nbsp;to generation\u2026 - Domaine Serge Dagueneau &amp; Filles","isPartOf":{"@id":"http:\/\/s-dagueneau-filles.fr\/fr\/#website"},"primaryImageOfPage":{"@id":"http:\/\/s-dagueneau-filles.fr\/en\/from-generation-to-generation\/#primaryimage"},"image":{"@id":"http:\/\/s-dagueneau-filles.fr\/en\/from-generation-to-generation\/#primaryimage"},"thumbnailUrl":"http:\/\/s-dagueneau-filles.fr\/wp-content\/uploads\/2021\/04\/Famille_1_principale.jpg","datePublished":"2021-05-17T19:39:44+00:00","dateModified":"2021-06-19T20:33:22+00:00","breadcrumb":{"@id":"http:\/\/s-dagueneau-filles.fr\/en\/from-generation-to-generation\/#breadcrumb"},"inLanguage":"en-US","potentialAction":[{"@type":"ReadAction","target":["http:\/\/s-dagueneau-filles.fr\/en\/from-generation-to-generation\/"]}]},{"@type":"ImageObject","inLanguage":"en-US","@id":"http:\/\/s-dagueneau-filles.fr\/en\/from-generation-to-generation\/#primaryimage","url":"http:\/\/s-dagueneau-filles.fr\/wp-content\/uploads\/2021\/04\/Famille_1_principale.jpg","contentUrl":"http:\/\/s-dagueneau-filles.fr\/wp-content\/uploads\/2021\/04\/Famille_1_principale.jpg","width":2280,"height":1096,"caption":"Photo Christophe Masson Estivit\u00e9s La Ni\u00e8vre, je l'aime avec Val\u00e9rie Dagueneau, viticultrice, grande bailly au domaine des Berthiers Serge Dagueneau et filles \u00e0 Saint-Andelain"},{"@type":"BreadcrumbList","@id":"http:\/\/s-dagueneau-filles.fr\/en\/from-generation-to-generation\/#breadcrumb","itemListElement":[{"@type":"ListItem","position":1,"name":"Home","item":"http:\/\/s-dagueneau-filles.fr\/en\/pouilly-fume\/"},{"@type":"ListItem","position":2,"name":"From generation&nbsp;&nbsp;&nbsp;&nbsp;&nbsp;&nbsp;to generation\u2026"}]},{"@type":"WebSite","@id":"http:\/\/s-dagueneau-filles.fr\/fr\/#website","url":"http:\/\/s-dagueneau-filles.fr\/fr\/","name":"Domaine Serge Dagueneau &amp; Filles","description":"Pouilly Fum\u00e9","publisher":{"@id":"http:\/\/s-dagueneau-filles.fr\/fr\/#organization"},"potentialAction":[{"@type":"SearchAction","target":{"@type":"EntryPoint","urlTemplate":"http:\/\/s-dagueneau-filles.fr\/fr\/?s={search_term_string}"},"query-input":{"@type":"PropertyValueSpecification","valueRequired":true,"valueName":"search_term_string"}}],"inLanguage":"en-US"},{"@type":"Organization","@id":"http:\/\/s-dagueneau-filles.fr\/fr\/#organization","name":"Domaine Serge Dagueneau & Filles","url":"http:\/\/s-dagueneau-filles.fr\/fr\/","logo":{"@type":"ImageObject","inLanguage":"en-US","@id":"http:\/\/s-dagueneau-filles.fr\/fr\/#\/schema\/logo\/image\/","url":"http:\/\/s-dagueneau-filles.fr\/wp-content\/uploads\/2021\/04\/Logo_Serge_Dagueneau.png","contentUrl":"http:\/\/s-dagueneau-filles.fr\/wp-content\/uploads\/2021\/04\/Logo_Serge_Dagueneau.png","width":801,"height":315,"caption":"Domaine Serge Dagueneau & Filles"},"image":{"@id":"http:\/\/s-dagueneau-filles.fr\/fr\/#\/schema\/logo\/image\/"},"sameAs":["https:\/\/facebook.com\/serge.dagueneau","https:\/\/www.instagram.com\/dagueneau_et_filles"]}]}},"_links":{"self":[{"href":"http:\/\/s-dagueneau-filles.fr\/en\/wp-json\/wp\/v2\/pages\/347","targetHints":{"allow":["GET"]}}],"collection":[{"href":"http:\/\/s-dagueneau-filles.fr\/en\/wp-json\/wp\/v2\/pages"}],"about":[{"href":"http:\/\/s-dagueneau-filles.fr\/en\/wp-json\/wp\/v2\/types\/page"}],"author":[{"embeddable":true,"href":"http:\/\/s-dagueneau-filles.fr\/en\/wp-json\/wp\/v2\/users\/1"}],"replies":[{"embeddable":true,"href":"http:\/\/s-dagueneau-filles.fr\/en\/wp-json\/wp\/v2\/comments?post=347"}],"version-history":[{"count":4,"href":"http:\/\/s-dagueneau-filles.fr\/en\/wp-json\/wp\/v2\/pages\/347\/revisions"}],"predecessor-version":[{"id":575,"href":"http:\/\/s-dagueneau-filles.fr\/en\/wp-json\/wp\/v2\/pages\/347\/revisions\/575"}],"wp:featuredmedia":[{"embeddable":true,"href":"http:\/\/s-dagueneau-filles.fr\/en\/wp-json\/wp\/v2\/media\/383"}],"wp:attachment":[{"href":"http:\/\/s-dagueneau-filles.fr\/en\/wp-json\/wp\/v2\/media?parent=347"}],"curies":[{"name":"wp","href":"https:\/\/api.w.org\/{rel}","templated":true}]}}